{"id":11982,"date":"2021-11-30T10:37:00","date_gmt":"2021-11-30T10:37:00","guid":{"rendered":"https:\/\/wimgroup.consulting\/?page_id=11982"},"modified":"2023-01-31T20:24:28","modified_gmt":"2023-01-31T20:24:28","slug":"els-nostres-directius","status":"publish","type":"page","link":"https:\/\/wimgroup.consulting\/ca\/els-nostres-directius\/","title":{"rendered":"Els nostres directius"},"content":{"rendered":"\t\t<div data-elementor-type=\"wp-page\" data-elementor-id=\"11982\" class=\"elementor elementor-11982 elementor-4482\">\n\t\t\t\t\t\t\t\t\t<section class=\"elementor-section elementor-top-section elementor-element elementor-element-536e6b7 elementor-section-full_width qodef-elementor-content-grid elementor-section-height-default elementor-section-height-default\" data-id=\"536e6b7\" data-element_type=\"section\">\n\t\t\t\t\t\t<div class=\"elementor-container elementor-column-gap-default\">\n\t\t\t\t\t<div class=\"elementor-column elementor-col-100 elementor-top-column elementor-element elementor-element-212c02f qodef-gradient-background-column--no\" data-id=\"212c02f\" data-element_type=\"column\">\n\t\t\t<div class=\"elementor-widget-wrap elementor-element-populated\">\n\t\t\t\t\t\t\t\t<div class=\"elementor-element elementor-element-710de20 elementor-widget elementor-widget-deon_core_team_list\" data-id=\"710de20\" data-element_type=\"widget\" data-widget_type=\"deon_core_team_list.default\">\n\t\t\t\t<div class=\"elementor-widget-container\">\n\t\t\t<div class=\"qodef-shortcode qodef-m  qodef-team-list qodef-item-layout--socials-on-hover qodef-grid qodef-layout--columns  qodef-gutter--normal qodef-col-num--3 qodef-item-layout--socials-on-hover qodef--no-bottom-space qodef-pagination--off qodef-responsive--custom qodef-col-num--1440--3 qodef-col-num--1366--3 qodef-col-num--1024--2 qodef-col-num--768--2 qodef-col-num--680--1 qodef-col-num--480--1\" data-options=\"{&quot;plugin&quot;:&quot;deon_core&quot;,&quot;module&quot;:&quot;post-types\\\/team\\\/shortcodes&quot;,&quot;shortcode&quot;:&quot;team-list&quot;,&quot;post_type&quot;:&quot;team&quot;,&quot;next_page&quot;:&quot;2&quot;,&quot;max_pages_num&quot;:1,&quot;behavior&quot;:&quot;columns&quot;,&quot;images_proportion&quot;:&quot;full&quot;,&quot;columns&quot;:&quot;3&quot;,&quot;columns_responsive&quot;:&quot;custom&quot;,&quot;columns_1440&quot;:&quot;3&quot;,&quot;columns_1366&quot;:&quot;3&quot;,&quot;columns_1024&quot;:&quot;2&quot;,&quot;columns_768&quot;:&quot;2&quot;,&quot;columns_680&quot;:&quot;1&quot;,&quot;columns_480&quot;:&quot;1&quot;,&quot;space&quot;:&quot;normal&quot;,&quot;posts_per_page&quot;:&quot;9&quot;,&quot;orderby&quot;:&quot;date&quot;,&quot;order&quot;:&quot;ASC&quot;,&quot;layout&quot;:&quot;socials-on-hover&quot;,&quot;title_tag&quot;:&quot;p&quot;,&quot;pagination_type&quot;:&quot;no-pagination&quot;,&quot;object_class_name&quot;:&quot;DeonCore_Team_List_Shortcode&quot;,&quot;taxonomy_filter&quot;:&quot;team-category&quot;,&quot;additional_query_args&quot;:[],&quot;item_classes&quot;:&quot;qodef-e qodef-grid-item &quot;,&quot;space_value&quot;:15}\">\n\t\t<div class=\"qodef-grid-inner clear\">\n\t\t<div class=\"qodef-e qodef-grid-item  post-4484 team type-team status-publish has-post-thumbnail hentry team-category-inner\">\n\t<div class=\"qodef-e-inner\">\n\t\t<div class=\"qodef-e-image\">\n\t\t\t\t<div class=\"qodef-e-media-image\">\n\t\t\t\t\t<img fetchpriority=\"high\" decoding=\"async\" width=\"800\" height=\"1020\" src=\"https:\/\/wimgroup.consulting\/wp-content\/uploads\/2023\/01\/David_Rodriguez.png\" class=\"attachment-full size-full wp-post-image\" alt=\"\" srcset=\"https:\/\/wimgroup.consulting\/wp-content\/uploads\/2023\/01\/David_Rodriguez.png 800w, https:\/\/wimgroup.consulting\/wp-content\/uploads\/2023\/01\/David_Rodriguez-235x300.png 235w, https:\/\/wimgroup.consulting\/wp-content\/uploads\/2023\/01\/David_Rodriguez-768x979.png 768w\" sizes=\"(max-width: 800px) 100vw, 800px\" \/>\t\t\t<\/div>\n\t\t<\/div>\n\t\t<div class=\"qodef-e-content\">\n\t\t\t\t\t<\/div>\n\t<\/div>\n\t<div class=\"qodef-e-content\">\n\t\t<p itemprop=\"name\" class=\"qodef-e-title entry-title\" >\n\t\t\tDavid Rodr\u00edguez\t<\/p>\n\t\t\t<p class=\"qodef-e-role\">Presidente WIM Group y CEO Webimpacto<\/p>\n\t\t\t<\/div>\n<\/div>\n<div class=\"qodef-e qodef-grid-item  post-4516 team type-team status-publish has-post-thumbnail hentry team-category-inner\">\n\t<div class=\"qodef-e-inner\">\n\t\t<div class=\"qodef-e-image\">\n\t\t\t\t<div class=\"qodef-e-media-image\">\n\t\t\t\t\t<img decoding=\"async\" width=\"800\" height=\"1020\" src=\"https:\/\/wimgroup.consulting\/wp-content\/uploads\/2022\/02\/IMG_4713.jpg\" class=\"attachment-full size-full wp-post-image\" alt=\"\" srcset=\"https:\/\/wimgroup.consulting\/wp-content\/uploads\/2022\/02\/IMG_4713.jpg 800w, https:\/\/wimgroup.consulting\/wp-content\/uploads\/2022\/02\/IMG_4713-235x300.jpg 235w, https:\/\/wimgroup.consulting\/wp-content\/uploads\/2022\/02\/IMG_4713-768x979.jpg 768w\" sizes=\"(max-width: 800px) 100vw, 800px\" \/>\t\t\t<\/div>\n\t\t<\/div>\n\t\t<div class=\"qodef-e-content\">\n\t\t\t\t\t<\/div>\n\t<\/div>\n\t<div class=\"qodef-e-content\">\n\t\t<p itemprop=\"name\" class=\"qodef-e-title entry-title\" >\n\t\t\tLaura Vila\t<\/p>\n\t\t\t<p class=\"qodef-e-role\">Vicepresidenta WIM Group y CEO D2C eCommerce<\/p>\n\t\t\t<\/div>\n<\/div>\n<div class=\"qodef-e qodef-grid-item  post-4487 team type-team status-publish has-post-thumbnail hentry team-category-inner\">\n\t<div class=\"qodef-e-inner\">\n\t\t<div class=\"qodef-e-image\">\n\t\t\t\t<div class=\"qodef-e-media-image\">\n\t\t\t\t\t<img decoding=\"async\" width=\"800\" height=\"1020\" src=\"https:\/\/wimgroup.consulting\/wp-content\/uploads\/2021\/11\/Foto_Guillem.jpg\" class=\"attachment-full size-full wp-post-image\" alt=\"\" srcset=\"https:\/\/wimgroup.consulting\/wp-content\/uploads\/2021\/11\/Foto_Guillem.jpg 800w, https:\/\/wimgroup.consulting\/wp-content\/uploads\/2021\/11\/Foto_Guillem-235x300.jpg 235w, https:\/\/wimgroup.consulting\/wp-content\/uploads\/2021\/11\/Foto_Guillem-768x979.jpg 768w\" sizes=\"(max-width: 800px) 100vw, 800px\" \/>\t\t\t<\/div>\n\t\t<\/div>\n\t\t<div class=\"qodef-e-content\">\n\t\t\t\t\t<\/div>\n\t<\/div>\n\t<div class=\"qodef-e-content\">\n\t\t<p itemprop=\"name\" class=\"qodef-e-title entry-title\" >\n\t\t\tGuillem Sanz\t<\/p>\n\t\t\t<p class=\"qodef-e-role\">Co-Founder D2Cecommerce<\/p>\n\t\t\t<\/div>\n<\/div>\n<div class=\"qodef-e qodef-grid-item  post-4527 team type-team status-publish has-post-thumbnail hentry team-category-inner\">\n\t<div class=\"qodef-e-inner\">\n\t\t<div class=\"qodef-e-image\">\n\t\t\t\t<div class=\"qodef-e-media-image\">\n\t\t\t\t\t<img loading=\"lazy\" decoding=\"async\" width=\"800\" height=\"1020\" src=\"https:\/\/wimgroup.consulting\/wp-content\/uploads\/2021\/11\/Mireia.jpg\" class=\"attachment-full size-full wp-post-image\" alt=\"\" srcset=\"https:\/\/wimgroup.consulting\/wp-content\/uploads\/2021\/11\/Mireia.jpg 800w, https:\/\/wimgroup.consulting\/wp-content\/uploads\/2021\/11\/Mireia-235x300.jpg 235w, https:\/\/wimgroup.consulting\/wp-content\/uploads\/2021\/11\/Mireia-768x979.jpg 768w\" sizes=\"(max-width: 800px) 100vw, 800px\" \/>\t\t\t<\/div>\n\t\t<\/div>\n\t\t<div class=\"qodef-e-content\">\n\t\t\t\t\t<\/div>\n\t<\/div>\n\t<div class=\"qodef-e-content\">\n\t\t<p itemprop=\"name\" class=\"qodef-e-title entry-title\" >\n\t\t\tMireia Le\u00f3n\t<\/p>\n\t\t\t<p class=\"qodef-e-role\">Direcci\u00f3n Omnicanal y CEO Leofy<\/p>\n\t\t\t<\/div>\n<\/div>\n<div class=\"qodef-e qodef-grid-item  post-12437 team type-team status-publish has-post-thumbnail hentry\">\n\t<div class=\"qodef-e-inner\">\n\t\t<div class=\"qodef-e-image\">\n\t\t\t\t<div class=\"qodef-e-media-image\">\n\t\t\t\t\t<img loading=\"lazy\" decoding=\"async\" width=\"800\" height=\"1020\" src=\"https:\/\/wimgroup.consulting\/wp-content\/uploads\/2023\/01\/FC.png\" class=\"attachment-full size-full wp-post-image\" alt=\"\" srcset=\"https:\/\/wimgroup.consulting\/wp-content\/uploads\/2023\/01\/FC.png 800w, https:\/\/wimgroup.consulting\/wp-content\/uploads\/2023\/01\/FC-235x300.png 235w, https:\/\/wimgroup.consulting\/wp-content\/uploads\/2023\/01\/FC-768x979.png 768w\" sizes=\"(max-width: 800px) 100vw, 800px\" \/>\t\t\t<\/div>\n\t\t<\/div>\n\t\t<div class=\"qodef-e-content\">\n\t\t\t\t\t<\/div>\n\t<\/div>\n\t<div class=\"qodef-e-content\">\n\t\t<p itemprop=\"name\" class=\"qodef-e-title entry-title\" >\n\t\t\tMontse Labiaga\t<\/p>\n\t\t\t<p class=\"qodef-e-role\">Founder Fotograf\u00eda eCommerce<\/p>\n\t\t\t<\/div>\n<\/div>\n\t<\/div>\n\t<\/div>\n\t\t<\/div>\n\t\t\t\t<\/div>\n\t\t\t\t\t<\/div>\n\t\t<\/div>\n\t\t\t\t\t\t\t<\/div>\n\t\t<\/section>\n\t\t\t\t\t\t\t<\/div>\n\t\t","protected":false},"excerpt":{"rendered":"<p>David Rodr\u00edguez Presidente WIM Group Laura Vila Vicepresidenta WIM Group Jes\u00fas Andr\u00e9s CEO Webimpacto Guillem Sanz Co-Founder D2Cecommerce Mireia Le\u00f3n CEO Leofy Daniel Mart\u00edn Co-Founder Webimpacto Eduardo G\u00f3mez Fundador de EDEU Pablo Szefner CEO Moonoa Montse Labiaga CEO &#038; Founder Fotograf\u00eda eCommerce<\/p>\n","protected":false},"author":1,"featured_media":0,"parent":0,"menu_order":0,"comment_status":"closed","ping_status":"closed","template":"","meta":{"footnotes":""},"yoast_head":"<!-- This site is optimized with the Yoast SEO plugin v23.5 - https:\/\/yoast.com\/wordpress\/plugins\/seo\/ -->\n<title>Els nostres directius - Fem cr\u00e9ixer el teu negoci | WIM Group<\/title>\n<meta name=\"description\" content=\"Coneix els directius que formen part de The WIM Group. Explica&#039;ns les necessitats i les expectatives de la teva empresa i les farem realitat.\" \/>\n<meta name=\"robots\" content=\"index, follow, max-snippet:-1, max-image-preview:large, max-video-preview:-1\" \/>\n<link rel=\"canonical\" href=\"https:\/\/wimgroup.consulting\/ca\/els-nostres-directius\/\" \/>\n<meta property=\"og:locale\" content=\"ca_ES\" \/>\n<meta property=\"og:type\" content=\"article\" \/>\n<meta property=\"og:title\" content=\"Els nostres directius - Fem cr\u00e9ixer el teu negoci | WIM Group\" \/>\n<meta property=\"og:description\" content=\"Coneix els directius que formen part de The WIM Group. Explica&#039;ns les necessitats i les expectatives de la teva empresa i les farem realitat.\" \/>\n<meta property=\"og:url\" content=\"https:\/\/wimgroup.consulting\/ca\/els-nostres-directius\/\" \/>\n<meta property=\"og:site_name\" content=\"WIM Group\" \/>\n<meta property=\"article:modified_time\" content=\"2023-01-31T20:24:28+00:00\" \/>\n<meta property=\"og:image\" content=\"https:\/\/wimgroup.consulting\/wp-content\/uploads\/2022\/01\/david-rodriguez.jpg\" \/>\n<meta name=\"twitter:card\" content=\"summary_large_image\" \/>\n<meta name=\"twitter:label1\" content=\"Temps estimat de lectura\" \/>\n\t<meta name=\"twitter:data1\" content=\"3 minuts\" \/>\n<script type=\"application\/ld+json\" class=\"yoast-schema-graph\">{\"@context\":\"https:\/\/schema.org\",\"@graph\":[{\"@type\":\"WebPage\",\"@id\":\"https:\/\/wimgroup.consulting\/ca\/els-nostres-directius\/\",\"url\":\"https:\/\/wimgroup.consulting\/ca\/els-nostres-directius\/\",\"name\":\"Els nostres directius - Fem cr\u00e9ixer el teu negoci | WIM Group\",\"isPartOf\":{\"@id\":\"https:\/\/wimgroup.consulting\/ca\/#website\"},\"primaryImageOfPage\":{\"@id\":\"https:\/\/wimgroup.consulting\/ca\/els-nostres-directius\/#primaryimage\"},\"image\":{\"@id\":\"https:\/\/wimgroup.consulting\/ca\/els-nostres-directius\/#primaryimage\"},\"thumbnailUrl\":\"https:\/\/wimgroup.consulting\/wp-content\/uploads\/2022\/01\/david-rodriguez.jpg\",\"datePublished\":\"2021-11-30T10:37:00+00:00\",\"dateModified\":\"2023-01-31T20:24:28+00:00\",\"description\":\"Coneix els directius que formen part de The WIM Group. Explica'ns les necessitats i les expectatives de la teva empresa i les farem realitat.\",\"breadcrumb\":{\"@id\":\"https:\/\/wimgroup.consulting\/ca\/els-nostres-directius\/#breadcrumb\"},\"inLanguage\":\"ca\",\"potentialAction\":[{\"@type\":\"ReadAction\",\"target\":[\"https:\/\/wimgroup.consulting\/ca\/els-nostres-directius\/\"]}]},{\"@type\":\"ImageObject\",\"inLanguage\":\"ca\",\"@id\":\"https:\/\/wimgroup.consulting\/ca\/els-nostres-directius\/#primaryimage\",\"url\":\"https:\/\/wimgroup.consulting\/wp-content\/uploads\/2022\/01\/david-rodriguez.jpg\",\"contentUrl\":\"https:\/\/wimgroup.consulting\/wp-content\/uploads\/2022\/01\/david-rodriguez.jpg\"},{\"@type\":\"BreadcrumbList\",\"@id\":\"https:\/\/wimgroup.consulting\/ca\/els-nostres-directius\/#breadcrumb\",\"itemListElement\":[{\"@type\":\"ListItem\",\"position\":1,\"name\":\"Inicio\",\"item\":\"https:\/\/wimgroup.consulting\/ca\/\"},{\"@type\":\"ListItem\",\"position\":2,\"name\":\"Els nostres directius\"}]},{\"@type\":\"WebSite\",\"@id\":\"https:\/\/wimgroup.consulting\/ca\/#website\",\"url\":\"https:\/\/wimgroup.consulting\/ca\/\",\"name\":\"WIM Group\",\"description\":\"Sitio corporativo del WIM Group\",\"publisher\":{\"@id\":\"https:\/\/wimgroup.consulting\/ca\/#organization\"},\"potentialAction\":[{\"@type\":\"SearchAction\",\"target\":{\"@type\":\"EntryPoint\",\"urlTemplate\":\"https:\/\/wimgroup.consulting\/ca\/?s={search_term_string}\"},\"query-input\":{\"@type\":\"PropertyValueSpecification\",\"valueRequired\":true,\"valueName\":\"search_term_string\"}}],\"inLanguage\":\"ca\"},{\"@type\":\"Organization\",\"@id\":\"https:\/\/wimgroup.consulting\/ca\/#organization\",\"name\":\"WIM Group\",\"url\":\"https:\/\/wimgroup.consulting\/ca\/\",\"logo\":{\"@type\":\"ImageObject\",\"inLanguage\":\"ca\",\"@id\":\"https:\/\/wimgroup.consulting\/ca\/#\/schema\/logo\/image\/\",\"url\":\"https:\/\/wimgroup.consulting\/wp-content\/uploads\/2022\/12\/horizontal-positivo-1.png\",\"contentUrl\":\"https:\/\/wimgroup.consulting\/wp-content\/uploads\/2022\/12\/horizontal-positivo-1.png\",\"width\":826,\"height\":151,\"caption\":\"WIM Group\"},\"image\":{\"@id\":\"https:\/\/wimgroup.consulting\/ca\/#\/schema\/logo\/image\/\"}}]}<\/script>\n<!-- \/ Yoast SEO plugin. -->","yoast_head_json":{"title":"Els nostres directius - Fem cr\u00e9ixer el teu negoci | WIM Group","description":"Coneix els directius que formen part de The WIM Group. Explica'ns les necessitats i les expectatives de la teva empresa i les farem realitat.","robots":{"index":"index","follow":"follow","max-snippet":"max-snippet:-1","max-image-preview":"max-image-preview:large","max-video-preview":"max-video-preview:-1"},"canonical":"https:\/\/wimgroup.consulting\/ca\/els-nostres-directius\/","og_locale":"ca_ES","og_type":"article","og_title":"Els nostres directius - Fem cr\u00e9ixer el teu negoci | WIM Group","og_description":"Coneix els directius que formen part de The WIM Group. Explica'ns les necessitats i les expectatives de la teva empresa i les farem realitat.","og_url":"https:\/\/wimgroup.consulting\/ca\/els-nostres-directius\/","og_site_name":"WIM Group","article_modified_time":"2023-01-31T20:24:28+00:00","og_image":[{"url":"https:\/\/wimgroup.consulting\/wp-content\/uploads\/2022\/01\/david-rodriguez.jpg"}],"twitter_card":"summary_large_image","twitter_misc":{"Temps estimat de lectura":"3 minuts"},"schema":{"@context":"https:\/\/schema.org","@graph":[{"@type":"WebPage","@id":"https:\/\/wimgroup.consulting\/ca\/els-nostres-directius\/","url":"https:\/\/wimgroup.consulting\/ca\/els-nostres-directius\/","name":"Els nostres directius - Fem cr\u00e9ixer el teu negoci | WIM Group","isPartOf":{"@id":"https:\/\/wimgroup.consulting\/ca\/#website"},"primaryImageOfPage":{"@id":"https:\/\/wimgroup.consulting\/ca\/els-nostres-directius\/#primaryimage"},"image":{"@id":"https:\/\/wimgroup.consulting\/ca\/els-nostres-directius\/#primaryimage"},"thumbnailUrl":"https:\/\/wimgroup.consulting\/wp-content\/uploads\/2022\/01\/david-rodriguez.jpg","datePublished":"2021-11-30T10:37:00+00:00","dateModified":"2023-01-31T20:24:28+00:00","description":"Coneix els directius que formen part de The WIM Group. Explica'ns les necessitats i les expectatives de la teva empresa i les farem realitat.","breadcrumb":{"@id":"https:\/\/wimgroup.consulting\/ca\/els-nostres-directius\/#breadcrumb"},"inLanguage":"ca","potentialAction":[{"@type":"ReadAction","target":["https:\/\/wimgroup.consulting\/ca\/els-nostres-directius\/"]}]},{"@type":"ImageObject","inLanguage":"ca","@id":"https:\/\/wimgroup.consulting\/ca\/els-nostres-directius\/#primaryimage","url":"https:\/\/wimgroup.consulting\/wp-content\/uploads\/2022\/01\/david-rodriguez.jpg","contentUrl":"https:\/\/wimgroup.consulting\/wp-content\/uploads\/2022\/01\/david-rodriguez.jpg"},{"@type":"BreadcrumbList","@id":"https:\/\/wimgroup.consulting\/ca\/els-nostres-directius\/#breadcrumb","itemListElement":[{"@type":"ListItem","position":1,"name":"Inicio","item":"https:\/\/wimgroup.consulting\/ca\/"},{"@type":"ListItem","position":2,"name":"Els nostres directius"}]},{"@type":"WebSite","@id":"https:\/\/wimgroup.consulting\/ca\/#website","url":"https:\/\/wimgroup.consulting\/ca\/","name":"WIM Group","description":"Sitio corporativo del WIM Group","publisher":{"@id":"https:\/\/wimgroup.consulting\/ca\/#organization"},"potentialAction":[{"@type":"SearchAction","target":{"@type":"EntryPoint","urlTemplate":"https:\/\/wimgroup.consulting\/ca\/?s={search_term_string}"},"query-input":{"@type":"PropertyValueSpecification","valueRequired":true,"valueName":"search_term_string"}}],"inLanguage":"ca"},{"@type":"Organization","@id":"https:\/\/wimgroup.consulting\/ca\/#organization","name":"WIM Group","url":"https:\/\/wimgroup.consulting\/ca\/","logo":{"@type":"ImageObject","inLanguage":"ca","@id":"https:\/\/wimgroup.consulting\/ca\/#\/schema\/logo\/image\/","url":"https:\/\/wimgroup.consulting\/wp-content\/uploads\/2022\/12\/horizontal-positivo-1.png","contentUrl":"https:\/\/wimgroup.consulting\/wp-content\/uploads\/2022\/12\/horizontal-positivo-1.png","width":826,"height":151,"caption":"WIM Group"},"image":{"@id":"https:\/\/wimgroup.consulting\/ca\/#\/schema\/logo\/image\/"}}]}},"_links":{"self":[{"href":"https:\/\/wimgroup.consulting\/ca\/wp-json\/wp\/v2\/pages\/11982"}],"collection":[{"href":"https:\/\/wimgroup.consulting\/ca\/wp-json\/wp\/v2\/pages"}],"about":[{"href":"https:\/\/wimgroup.consulting\/ca\/wp-json\/wp\/v2\/types\/page"}],"author":[{"embeddable":true,"href":"https:\/\/wimgroup.consulting\/ca\/wp-json\/wp\/v2\/users\/1"}],"replies":[{"embeddable":true,"href":"https:\/\/wimgroup.consulting\/ca\/wp-json\/wp\/v2\/comments?post=11982"}],"version-history":[{"count":13,"href":"https:\/\/wimgroup.consulting\/ca\/wp-json\/wp\/v2\/pages\/11982\/revisions"}],"predecessor-version":[{"id":12847,"href":"https:\/\/wimgroup.consulting\/ca\/wp-json\/wp\/v2\/pages\/11982\/revisions\/12847"}],"wp:attachment":[{"href":"https:\/\/wimgroup.consulting\/ca\/wp-json\/wp\/v2\/media?parent=11982"}],"curies":[{"name":"wp","href":"https:\/\/api.w.org\/{rel}","templated":true}]}}