{"id":11988,"date":"2021-11-29T18:08:27","date_gmt":"2021-11-29T18:08:27","guid":{"rendered":"https:\/\/wimgroup.consulting\/?page_id=11988"},"modified":"2023-01-31T20:34:46","modified_gmt":"2023-01-31T20:34:46","slug":"contactar","status":"publish","type":"page","link":"https:\/\/wimgroup.consulting\/ca\/contactar\/","title":{"rendered":"Contactar"},"content":{"rendered":"\t\t<div data-elementor-type=\"wp-page\" data-elementor-id=\"11988\" class=\"elementor elementor-11988 elementor-4154\">\n\t\t\t\t\t\t\t\t\t<section class=\"elementor-section elementor-top-section elementor-element elementor-element-793be40 elementor-hidden-mobile elementor-section-boxed elementor-section-height-default elementor-section-height-default qodef-elementor-content-no\" data-id=\"793be40\" data-element_type=\"section\">\n\t\t\t\t\t\t<div class=\"elementor-container elementor-column-gap-default\">\n\t\t\t\t\t<div class=\"elementor-column elementor-col-100 elementor-top-column elementor-element elementor-element-735f7f0 qodef-gradient-background-column--no\" data-id=\"735f7f0\" data-element_type=\"column\">\n\t\t\t<div class=\"elementor-widget-wrap elementor-element-populated\">\n\t\t\t\t\t\t\t\t<div class=\"elementor-element elementor-element-ae25144 elementor-widget elementor-widget-spacer\" data-id=\"ae25144\" data-element_type=\"widget\" data-widget_type=\"spacer.default\">\n\t\t\t\t<div class=\"elementor-widget-container\">\n\t\t\t<style>\/*! elementor - v3.18.0 - 20-12-2023 *\/\n.elementor-column .elementor-spacer-inner{height:var(--spacer-size)}.e-con{--container-widget-width:100%}.e-con-inner>.elementor-widget-spacer,.e-con>.elementor-widget-spacer{width:var(--container-widget-width,var(--spacer-size));--align-self:var(--container-widget-align-self,initial);--flex-shrink:0}.e-con-inner>.elementor-widget-spacer>.elementor-widget-container,.e-con>.elementor-widget-spacer>.elementor-widget-container{height:100%;width:100%}.e-con-inner>.elementor-widget-spacer>.elementor-widget-container>.elementor-spacer,.e-con>.elementor-widget-spacer>.elementor-widget-container>.elementor-spacer{height:100%}.e-con-inner>.elementor-widget-spacer>.elementor-widget-container>.elementor-spacer>.elementor-spacer-inner,.e-con>.elementor-widget-spacer>.elementor-widget-container>.elementor-spacer>.elementor-spacer-inner{height:var(--container-widget-height,var(--spacer-size))}.e-con-inner>.elementor-widget-spacer.elementor-widget-empty,.e-con>.elementor-widget-spacer.elementor-widget-empty{position:relative;min-height:22px;min-width:22px}.e-con-inner>.elementor-widget-spacer.elementor-widget-empty .elementor-widget-empty-icon,.e-con>.elementor-widget-spacer.elementor-widget-empty .elementor-widget-empty-icon{position:absolute;top:0;bottom:0;left:0;right:0;margin:auto;padding:0;width:22px;height:22px}<\/style>\t\t<div class=\"elementor-spacer\">\n\t\t\t<div class=\"elementor-spacer-inner\"><\/div>\n\t\t<\/div>\n\t\t\t\t<\/div>\n\t\t\t\t<\/div>\n\t\t\t\t\t<\/div>\n\t\t<\/div>\n\t\t\t\t\t\t\t<\/div>\n\t\t<\/section>\n\t\t\t\t<section class=\"elementor-section elementor-top-section elementor-element elementor-element-e21aabb elementor-section-full_width qodef-elementor-content-grid qodef-extended-grid qodef-extended-grid--left qodef-extended-grid-disabled--1024 elementor-section-height-default elementor-section-height-default\" data-id=\"e21aabb\" data-element_type=\"section\">\n\t\t\t\t\t\t<div class=\"elementor-container elementor-column-gap-default\">\n\t\t\t\t\t<div class=\"elementor-column elementor-col-50 elementor-top-column elementor-element elementor-element-d1f434e qodef-gradient-background-column--no\" data-id=\"d1f434e\" data-element_type=\"column\">\n\t\t\t<div class=\"elementor-widget-wrap elementor-element-populated\">\n\t\t\t\t\t\t\t\t<div class=\"elementor-element elementor-element-7ca167f elementor-hidden-mobile elementor-widget elementor-widget-image\" data-id=\"7ca167f\" data-element_type=\"widget\" data-widget_type=\"image.default\">\n\t\t\t\t<div class=\"elementor-widget-container\">\n\t\t\t<style>\/*! elementor - v3.18.0 - 20-12-2023 *\/\n.elementor-widget-image{text-align:center}.elementor-widget-image a{display:inline-block}.elementor-widget-image a img[src$=\".svg\"]{width:48px}.elementor-widget-image img{vertical-align:middle;display:inline-block}<\/style>\t\t\t\t\t\t\t\t\t\t\t\t<img fetchpriority=\"high\" decoding=\"async\" width=\"4116\" height=\"3000\" src=\"https:\/\/wimgroup.consulting\/wp-content\/uploads\/2023\/01\/Scene-14.png\" class=\"attachment-full size-full wp-image-11357\" alt=\"\" srcset=\"https:\/\/wimgroup.consulting\/wp-content\/uploads\/2023\/01\/Scene-14.png 4116w, https:\/\/wimgroup.consulting\/wp-content\/uploads\/2023\/01\/Scene-14-300x219.png 300w, https:\/\/wimgroup.consulting\/wp-content\/uploads\/2023\/01\/Scene-14-1024x746.png 1024w, https:\/\/wimgroup.consulting\/wp-content\/uploads\/2023\/01\/Scene-14-768x560.png 768w, https:\/\/wimgroup.consulting\/wp-content\/uploads\/2023\/01\/Scene-14-1536x1120.png 1536w, https:\/\/wimgroup.consulting\/wp-content\/uploads\/2023\/01\/Scene-14-2048x1493.png 2048w\" sizes=\"(max-width: 4116px) 100vw, 4116px\" \/>\t\t\t\t\t\t\t\t\t\t\t\t\t\t\t<\/div>\n\t\t\t\t<\/div>\n\t\t\t\t\t<\/div>\n\t\t<\/div>\n\t\t\t\t<div class=\"elementor-column elementor-col-50 elementor-top-column elementor-element elementor-element-100b2c4 qodef-gradient-background-column--no\" data-id=\"100b2c4\" data-element_type=\"column\">\n\t\t\t<div class=\"elementor-widget-wrap elementor-element-populated\">\n\t\t\t\t\t\t\t\t<div class=\"elementor-element elementor-element-e2e3ce0 elementor-widget elementor-widget-text-editor\" data-id=\"e2e3ce0\" data-element_type=\"widget\" data-widget_type=\"text-editor.default\">\n\t\t\t\t<div class=\"elementor-widget-container\">\n\t\t\t<style>\/*! elementor - v3.18.0 - 20-12-2023 *\/\n.elementor-widget-text-editor.elementor-drop-cap-view-stacked .elementor-drop-cap{background-color:#69727d;color:#fff}.elementor-widget-text-editor.elementor-drop-cap-view-framed .elementor-drop-cap{color:#69727d;border:3px solid;background-color:transparent}.elementor-widget-text-editor:not(.elementor-drop-cap-view-default) .elementor-drop-cap{margin-top:8px}.elementor-widget-text-editor:not(.elementor-drop-cap-view-default) .elementor-drop-cap-letter{width:1em;height:1em}.elementor-widget-text-editor .elementor-drop-cap{float:left;text-align:center;line-height:1;font-size:50px}.elementor-widget-text-editor .elementor-drop-cap-letter{display:inline-block}<\/style>\t\t\t\t<p>Si vols consultar m\u00e9s informaci\u00f3 sobre els nostres serveis o tens algun dubte, no dubtis en posar-te en contacte amb nosaltres. Un dels nostres assessors es posar\u00e0 en contacte amb tu.<\/p>\t\t\t\t\t\t<\/div>\n\t\t\t\t<\/div>\n\t\t\t\t<div class=\"elementor-element elementor-element-ecfd4e7 elementor-hidden-desktop elementor-hidden-tablet elementor-widget elementor-widget-image\" data-id=\"ecfd4e7\" data-element_type=\"widget\" data-widget_type=\"image.default\">\n\t\t\t\t<div class=\"elementor-widget-container\">\n\t\t\t\t\t\t\t\t\t\t\t\t\t\t\t<img fetchpriority=\"high\" decoding=\"async\" width=\"4116\" height=\"3000\" src=\"https:\/\/wimgroup.consulting\/wp-content\/uploads\/2023\/01\/Scene-14.png\" class=\"attachment-full size-full wp-image-11357\" alt=\"\" srcset=\"https:\/\/wimgroup.consulting\/wp-content\/uploads\/2023\/01\/Scene-14.png 4116w, https:\/\/wimgroup.consulting\/wp-content\/uploads\/2023\/01\/Scene-14-300x219.png 300w, https:\/\/wimgroup.consulting\/wp-content\/uploads\/2023\/01\/Scene-14-1024x746.png 1024w, https:\/\/wimgroup.consulting\/wp-content\/uploads\/2023\/01\/Scene-14-768x560.png 768w, https:\/\/wimgroup.consulting\/wp-content\/uploads\/2023\/01\/Scene-14-1536x1120.png 1536w, https:\/\/wimgroup.consulting\/wp-content\/uploads\/2023\/01\/Scene-14-2048x1493.png 2048w\" sizes=\"(max-width: 4116px) 100vw, 4116px\" \/>\t\t\t\t\t\t\t\t\t\t\t\t\t\t\t<\/div>\n\t\t\t\t<\/div>\n\t\t\t\t<div class=\"elementor-element elementor-element-d3e01c9 elementor-widget elementor-widget-heading\" data-id=\"d3e01c9\" data-element_type=\"widget\" data-widget_type=\"heading.default\">\n\t\t\t\t<div class=\"elementor-widget-container\">\n\t\t\t<style>\/*! elementor - v3.18.0 - 20-12-2023 *\/\n.elementor-heading-title{padding:0;margin:0;line-height:1}.elementor-widget-heading .elementor-heading-title[class*=elementor-size-]>a{color:inherit;font-size:inherit;line-height:inherit}.elementor-widget-heading .elementor-heading-title.elementor-size-small{font-size:15px}.elementor-widget-heading .elementor-heading-title.elementor-size-medium{font-size:19px}.elementor-widget-heading .elementor-heading-title.elementor-size-large{font-size:29px}.elementor-widget-heading .elementor-heading-title.elementor-size-xl{font-size:39px}.elementor-widget-heading .elementor-heading-title.elementor-size-xxl{font-size:59px}<\/style><span class=\"elementor-heading-title elementor-size-default\">Escriu-nos!<\/span>\t\t<\/div>\n\t\t\t\t<\/div>\n\t\t\t\t<div class=\"elementor-element elementor-element-bb43e8f elementor-widget elementor-widget-wp-widget-deon_core_contact_form_7\" data-id=\"bb43e8f\" data-element_type=\"widget\" data-widget_type=\"wp-widget-deon_core_contact_form_7.default\">\n\t\t\t\t<div class=\"elementor-widget-container\">\n\t\t\t\t\t\t<div class=\"qodef-contact-form-7\">\n\t\t\t\t\n<div class=\"wpcf7 no-js\" id=\"wpcf7-f11993-o1\" lang=\"es-ES\" dir=\"ltr\">\n<div class=\"screen-reader-response\"><p role=\"status\" aria-live=\"polite\" aria-atomic=\"true\"><\/p> <ul><\/ul><\/div>\n<form action=\"\/ca\/wp-json\/wp\/v2\/pages\/11988#wpcf7-f11993-o1\" method=\"post\" class=\"wpcf7-form init\" aria-label=\"Formulario de contacto\" novalidate=\"novalidate\" data-status=\"init\">\n<div style=\"display: none;\">\n<input type=\"hidden\" name=\"_wpcf7\" value=\"11993\" \/>\n<input type=\"hidden\" name=\"_wpcf7_version\" value=\"5.9.8\" \/>\n<input type=\"hidden\" name=\"_wpcf7_locale\" value=\"es_ES\" \/>\n<input type=\"hidden\" name=\"_wpcf7_unit_tag\" value=\"wpcf7-f11993-o1\" \/>\n<input type=\"hidden\" name=\"_wpcf7_container_post\" value=\"0\" \/>\n<input type=\"hidden\" name=\"_wpcf7_posted_data_hash\" value=\"\" \/>\n<input type=\"hidden\" name=\"_wpcf7_recaptcha_response\" value=\"\" \/>\n<\/div>\n<label> Nom\n    <span class=\"wpcf7-form-control-wrap\" data-name=\"your-name\"><input size=\"40\" maxlength=\"400\" class=\"wpcf7-form-control wpcf7-text wpcf7-validates-as-required\" autocomplete=\"name\" aria-required=\"true\" aria-invalid=\"false\" value=\"\" type=\"text\" name=\"your-name\" \/><\/span> <\/label>\n\n<label> Email\n    <span class=\"wpcf7-form-control-wrap\" data-name=\"your-email\"><input size=\"40\" maxlength=\"400\" class=\"wpcf7-form-control wpcf7-email wpcf7-validates-as-required wpcf7-text wpcf7-validates-as-email\" autocomplete=\"email\" aria-required=\"true\" aria-invalid=\"false\" value=\"\" type=\"email\" name=\"your-email\" \/><\/span> <\/label>\n\n<label> Assumpte\n<span class=\"wpcf7-form-control-wrap\" data-name=\"menu-11\"><select class=\"wpcf7-form-control wpcf7-select\" aria-invalid=\"false\" name=\"menu-11\"><option value=\"\">&#8212;Por favor, elige una opci\u00f3n&#8212;<\/option><option value=\"Webimpacto\">Webimpacto<\/option><option value=\"D2C ECOMMERCE\">D2C ECOMMERCE<\/option><option value=\"APP4LESS\">APP4LESS<\/option><option value=\"LEOFY\">LEOFY<\/option><option value=\"ICOMM\">ICOMM<\/option><option value=\"EDEU\">EDEU<\/option><option value=\"Moonoa\">Moonoa<\/option><option value=\"Nubett\">Nubett<\/option><option value=\"Treend\">Treend<\/option><option value=\"Otros\">Otros<\/option><\/select><\/span> <\/label>\n\n<label> Escriu aqu\u00ed el teu missatge\n    <span class=\"wpcf7-form-control-wrap\" data-name=\"your-message\"><textarea cols=\"40\" rows=\"10\" maxlength=\"2000\" class=\"wpcf7-form-control wpcf7-textarea\" aria-invalid=\"false\" name=\"your-message\"><\/textarea><\/span> <\/label>\n\n<button class=\"wpcf7-form-control wpcf7-submit qodef-button qodef-size--normal qodef-layout--outlined qodef-m\" type=\"submit\"><span class=\"qodef-m-text\">Enviar<\/span><\/button><div class=\"wpcf7-response-output\" aria-hidden=\"true\"><\/div>\n<\/form>\n<\/div>\n\t\t\t<\/div>\n\t\t\t\t\t<\/div>\n\t\t\t\t<\/div>\n\t\t\t\t\t<\/div>\n\t\t<\/div>\n\t\t\t\t\t\t\t<\/div>\n\t\t<\/section>\n\t\t\t\t\t\t\t<\/div>\n\t\t","protected":false},"excerpt":{"rendered":"<p>Si vols consultar m\u00e9s informaci\u00f3 sobre els nostres serveis o tens algun dubte, no dubtis en posar-te en contacte amb nosaltres. Un dels nostres assessors es posar\u00e0 en contacte amb tu. Escriu-nos!<\/p>\n","protected":false},"author":1,"featured_media":0,"parent":0,"menu_order":0,"comment_status":"closed","ping_status":"closed","template":"page-full-width.php","meta":{"footnotes":""},"yoast_head":"<!-- This site is optimized with the Yoast SEO plugin v23.5 - https:\/\/yoast.com\/wordpress\/plugins\/seo\/ -->\n<title>Contacta amb nosaltres davant de qualsevol dubte | WIM Group<\/title>\n<meta name=\"description\" content=\"Contacte de WIM Group per a que puguis resoldre tots els teus dubtes sobre el m\u00f3n de l&#039;ecommerce, el m\u00e0rqueting digital i el sector tecnol\u00f2gic.\" \/>\n<meta name=\"robots\" content=\"index, follow, max-snippet:-1, max-image-preview:large, max-video-preview:-1\" \/>\n<link rel=\"canonical\" href=\"https:\/\/wimgroup.consulting\/ca\/contactar\/\" \/>\n<meta property=\"og:locale\" content=\"ca_ES\" \/>\n<meta property=\"og:type\" content=\"article\" \/>\n<meta property=\"og:title\" content=\"Contacta amb nosaltres davant de qualsevol dubte | WIM Group\" \/>\n<meta property=\"og:description\" content=\"Contacte de WIM Group per a que puguis resoldre tots els teus dubtes sobre el m\u00f3n de l&#039;ecommerce, el m\u00e0rqueting digital i el sector tecnol\u00f2gic.\" \/>\n<meta property=\"og:url\" content=\"https:\/\/wimgroup.consulting\/ca\/contactar\/\" \/>\n<meta property=\"og:site_name\" content=\"WIM Group\" \/>\n<meta property=\"article:modified_time\" content=\"2023-01-31T20:34:46+00:00\" \/>\n<meta property=\"og:image\" content=\"https:\/\/wimgroup.consulting\/wp-content\/uploads\/2023\/01\/Scene-14.png\" \/>\n<meta name=\"twitter:card\" content=\"summary_large_image\" \/>\n<meta name=\"twitter:label1\" content=\"Temps estimat de lectura\" \/>\n\t<meta name=\"twitter:data1\" content=\"1 minut\" \/>\n<script type=\"application\/ld+json\" class=\"yoast-schema-graph\">{\"@context\":\"https:\/\/schema.org\",\"@graph\":[{\"@type\":\"WebPage\",\"@id\":\"https:\/\/wimgroup.consulting\/ca\/contactar\/\",\"url\":\"https:\/\/wimgroup.consulting\/ca\/contactar\/\",\"name\":\"Contacta amb nosaltres davant de qualsevol dubte | WIM Group\",\"isPartOf\":{\"@id\":\"https:\/\/wimgroup.consulting\/ca\/#website\"},\"primaryImageOfPage\":{\"@id\":\"https:\/\/wimgroup.consulting\/ca\/contactar\/#primaryimage\"},\"image\":{\"@id\":\"https:\/\/wimgroup.consulting\/ca\/contactar\/#primaryimage\"},\"thumbnailUrl\":\"https:\/\/wimgroup.consulting\/wp-content\/uploads\/2023\/01\/Scene-14.png\",\"datePublished\":\"2021-11-29T18:08:27+00:00\",\"dateModified\":\"2023-01-31T20:34:46+00:00\",\"description\":\"Contacte de WIM Group per a que puguis resoldre tots els teus dubtes sobre el m\u00f3n de l'ecommerce, el m\u00e0rqueting digital i el sector tecnol\u00f2gic.\",\"breadcrumb\":{\"@id\":\"https:\/\/wimgroup.consulting\/ca\/contactar\/#breadcrumb\"},\"inLanguage\":\"ca\",\"potentialAction\":[{\"@type\":\"ReadAction\",\"target\":[\"https:\/\/wimgroup.consulting\/ca\/contactar\/\"]}]},{\"@type\":\"ImageObject\",\"inLanguage\":\"ca\",\"@id\":\"https:\/\/wimgroup.consulting\/ca\/contactar\/#primaryimage\",\"url\":\"https:\/\/wimgroup.consulting\/wp-content\/uploads\/2023\/01\/Scene-14.png\",\"contentUrl\":\"https:\/\/wimgroup.consulting\/wp-content\/uploads\/2023\/01\/Scene-14.png\"},{\"@type\":\"BreadcrumbList\",\"@id\":\"https:\/\/wimgroup.consulting\/ca\/contactar\/#breadcrumb\",\"itemListElement\":[{\"@type\":\"ListItem\",\"position\":1,\"name\":\"Inicio\",\"item\":\"https:\/\/wimgroup.consulting\/ca\/\"},{\"@type\":\"ListItem\",\"position\":2,\"name\":\"Contactar\"}]},{\"@type\":\"WebSite\",\"@id\":\"https:\/\/wimgroup.consulting\/ca\/#website\",\"url\":\"https:\/\/wimgroup.consulting\/ca\/\",\"name\":\"WIM Group\",\"description\":\"Sitio corporativo del WIM Group\",\"publisher\":{\"@id\":\"https:\/\/wimgroup.consulting\/ca\/#organization\"},\"potentialAction\":[{\"@type\":\"SearchAction\",\"target\":{\"@type\":\"EntryPoint\",\"urlTemplate\":\"https:\/\/wimgroup.consulting\/ca\/?s={search_term_string}\"},\"query-input\":{\"@type\":\"PropertyValueSpecification\",\"valueRequired\":true,\"valueName\":\"search_term_string\"}}],\"inLanguage\":\"ca\"},{\"@type\":\"Organization\",\"@id\":\"https:\/\/wimgroup.consulting\/ca\/#organization\",\"name\":\"WIM Group\",\"url\":\"https:\/\/wimgroup.consulting\/ca\/\",\"logo\":{\"@type\":\"ImageObject\",\"inLanguage\":\"ca\",\"@id\":\"https:\/\/wimgroup.consulting\/ca\/#\/schema\/logo\/image\/\",\"url\":\"https:\/\/wimgroup.consulting\/wp-content\/uploads\/2022\/12\/horizontal-positivo-1.png\",\"contentUrl\":\"https:\/\/wimgroup.consulting\/wp-content\/uploads\/2022\/12\/horizontal-positivo-1.png\",\"width\":826,\"height\":151,\"caption\":\"WIM Group\"},\"image\":{\"@id\":\"https:\/\/wimgroup.consulting\/ca\/#\/schema\/logo\/image\/\"}}]}<\/script>\n<!-- \/ Yoast SEO plugin. -->","yoast_head_json":{"title":"Contacta amb nosaltres davant de qualsevol dubte | WIM Group","description":"Contacte de WIM Group per a que puguis resoldre tots els teus dubtes sobre el m\u00f3n de l'ecommerce, el m\u00e0rqueting digital i el sector tecnol\u00f2gic.","robots":{"index":"index","follow":"follow","max-snippet":"max-snippet:-1","max-image-preview":"max-image-preview:large","max-video-preview":"max-video-preview:-1"},"canonical":"https:\/\/wimgroup.consulting\/ca\/contactar\/","og_locale":"ca_ES","og_type":"article","og_title":"Contacta amb nosaltres davant de qualsevol dubte | WIM Group","og_description":"Contacte de WIM Group per a que puguis resoldre tots els teus dubtes sobre el m\u00f3n de l'ecommerce, el m\u00e0rqueting digital i el sector tecnol\u00f2gic.","og_url":"https:\/\/wimgroup.consulting\/ca\/contactar\/","og_site_name":"WIM Group","article_modified_time":"2023-01-31T20:34:46+00:00","og_image":[{"url":"https:\/\/wimgroup.consulting\/wp-content\/uploads\/2023\/01\/Scene-14.png"}],"twitter_card":"summary_large_image","twitter_misc":{"Temps estimat de lectura":"1 minut"},"schema":{"@context":"https:\/\/schema.org","@graph":[{"@type":"WebPage","@id":"https:\/\/wimgroup.consulting\/ca\/contactar\/","url":"https:\/\/wimgroup.consulting\/ca\/contactar\/","name":"Contacta amb nosaltres davant de qualsevol dubte | WIM Group","isPartOf":{"@id":"https:\/\/wimgroup.consulting\/ca\/#website"},"primaryImageOfPage":{"@id":"https:\/\/wimgroup.consulting\/ca\/contactar\/#primaryimage"},"image":{"@id":"https:\/\/wimgroup.consulting\/ca\/contactar\/#primaryimage"},"thumbnailUrl":"https:\/\/wimgroup.consulting\/wp-content\/uploads\/2023\/01\/Scene-14.png","datePublished":"2021-11-29T18:08:27+00:00","dateModified":"2023-01-31T20:34:46+00:00","description":"Contacte de WIM Group per a que puguis resoldre tots els teus dubtes sobre el m\u00f3n de l'ecommerce, el m\u00e0rqueting digital i el sector tecnol\u00f2gic.","breadcrumb":{"@id":"https:\/\/wimgroup.consulting\/ca\/contactar\/#breadcrumb"},"inLanguage":"ca","potentialAction":[{"@type":"ReadAction","target":["https:\/\/wimgroup.consulting\/ca\/contactar\/"]}]},{"@type":"ImageObject","inLanguage":"ca","@id":"https:\/\/wimgroup.consulting\/ca\/contactar\/#primaryimage","url":"https:\/\/wimgroup.consulting\/wp-content\/uploads\/2023\/01\/Scene-14.png","contentUrl":"https:\/\/wimgroup.consulting\/wp-content\/uploads\/2023\/01\/Scene-14.png"},{"@type":"BreadcrumbList","@id":"https:\/\/wimgroup.consulting\/ca\/contactar\/#breadcrumb","itemListElement":[{"@type":"ListItem","position":1,"name":"Inicio","item":"https:\/\/wimgroup.consulting\/ca\/"},{"@type":"ListItem","position":2,"name":"Contactar"}]},{"@type":"WebSite","@id":"https:\/\/wimgroup.consulting\/ca\/#website","url":"https:\/\/wimgroup.consulting\/ca\/","name":"WIM Group","description":"Sitio corporativo del WIM Group","publisher":{"@id":"https:\/\/wimgroup.consulting\/ca\/#organization"},"potentialAction":[{"@type":"SearchAction","target":{"@type":"EntryPoint","urlTemplate":"https:\/\/wimgroup.consulting\/ca\/?s={search_term_string}"},"query-input":{"@type":"PropertyValueSpecification","valueRequired":true,"valueName":"search_term_string"}}],"inLanguage":"ca"},{"@type":"Organization","@id":"https:\/\/wimgroup.consulting\/ca\/#organization","name":"WIM Group","url":"https:\/\/wimgroup.consulting\/ca\/","logo":{"@type":"ImageObject","inLanguage":"ca","@id":"https:\/\/wimgroup.consulting\/ca\/#\/schema\/logo\/image\/","url":"https:\/\/wimgroup.consulting\/wp-content\/uploads\/2022\/12\/horizontal-positivo-1.png","contentUrl":"https:\/\/wimgroup.consulting\/wp-content\/uploads\/2022\/12\/horizontal-positivo-1.png","width":826,"height":151,"caption":"WIM Group"},"image":{"@id":"https:\/\/wimgroup.consulting\/ca\/#\/schema\/logo\/image\/"}}]}},"_links":{"self":[{"href":"https:\/\/wimgroup.consulting\/ca\/wp-json\/wp\/v2\/pages\/11988"}],"collection":[{"href":"https:\/\/wimgroup.consulting\/ca\/wp-json\/wp\/v2\/pages"}],"about":[{"href":"https:\/\/wimgroup.consulting\/ca\/wp-json\/wp\/v2\/types\/page"}],"author":[{"embeddable":true,"href":"https:\/\/wimgroup.consulting\/ca\/wp-json\/wp\/v2\/users\/1"}],"replies":[{"embeddable":true,"href":"https:\/\/wimgroup.consulting\/ca\/wp-json\/wp\/v2\/comments?post=11988"}],"version-history":[{"count":27,"href":"https:\/\/wimgroup.consulting\/ca\/wp-json\/wp\/v2\/pages\/11988\/revisions"}],"predecessor-version":[{"id":12862,"href":"https:\/\/wimgroup.consulting\/ca\/wp-json\/wp\/v2\/pages\/11988\/revisions\/12862"}],"wp:attachment":[{"href":"https:\/\/wimgroup.consulting\/ca\/wp-json\/wp\/v2\/media?parent=11988"}],"curies":[{"name":"wp","href":"https:\/\/api.w.org\/{rel}","templated":true}]}}