{"id":12654,"date":"2022-12-21T08:53:36","date_gmt":"2022-12-21T08:53:36","guid":{"rendered":"https:\/\/wimgroup.consulting\/?page_id=12654"},"modified":"2024-01-23T15:11:54","modified_gmt":"2024-01-23T15:11:54","slug":"politica-privacitat","status":"publish","type":"page","link":"https:\/\/wimgroup.consulting\/ca\/politica-privacitat\/","title":{"rendered":"Pol\u00edtica de privacitat"},"content":{"rendered":"\t\t<div data-elementor-type=\"wp-page\" data-elementor-id=\"12654\" class=\"elementor elementor-12654 elementor-3\">\n\t\t\t\t\t\t\t\t\t<section class=\"elementor-section elementor-top-section elementor-element elementor-element-67f4b079 elementor-section-boxed elementor-section-height-default elementor-section-height-default qodef-elementor-content-no\" data-id=\"67f4b079\" data-element_type=\"section\">\n\t\t\t\t\t\t<div class=\"elementor-container elementor-column-gap-default\">\n\t\t\t\t\t<div class=\"elementor-column elementor-col-100 elementor-top-column elementor-element elementor-element-37d4e663 qodef-gradient-background-column--no\" data-id=\"37d4e663\" data-element_type=\"column\">\n\t\t\t<div class=\"elementor-widget-wrap elementor-element-populated\">\n\t\t\t\t\t\t\t\t<div class=\"elementor-element elementor-element-52b16619 elementor-widget elementor-widget-text-editor\" data-id=\"52b16619\" data-element_type=\"widget\" data-widget_type=\"text-editor.default\">\n\t\t\t\t<div class=\"elementor-widget-container\">\n\t\t\t<style>\/*! elementor - v3.18.0 - 20-12-2023 *\/\n.elementor-widget-text-editor.elementor-drop-cap-view-stacked .elementor-drop-cap{background-color:#69727d;color:#fff}.elementor-widget-text-editor.elementor-drop-cap-view-framed .elementor-drop-cap{color:#69727d;border:3px solid;background-color:transparent}.elementor-widget-text-editor:not(.elementor-drop-cap-view-default) .elementor-drop-cap{margin-top:8px}.elementor-widget-text-editor:not(.elementor-drop-cap-view-default) .elementor-drop-cap-letter{width:1em;height:1em}.elementor-widget-text-editor .elementor-drop-cap{float:left;text-align:center;line-height:1;font-size:50px}.elementor-widget-text-editor .elementor-drop-cap-letter{display:inline-block}<\/style>\t\t\t\t<h3 style=\"text-align: left;\">Pol\u00edtica de privacitat<\/h3><p>Qui \u00e9s el responsable del tractament de les vostres dades?<\/p><p><strong>1. Dades de contacte del responsable del tractament:<\/strong><\/p><p>Nom i cognoms: Grup WIM<br \/>Domicili social: <span style=\"font-weight: 400;\">C\/ Plasencia 1-17, Nave 7, 28935, M\u00f3stoles, (Madrid, Espanya)<\/span><br \/>N\u00daMERO D&#8217;IVA: B45814670<br \/>Dades de contacte del responsable de protecci\u00f3 de dades (Comit\u00e8 de Seguretat):<\/p><p>Pot contactar en el seg\u00fcent n\u00famero de tel\u00e8fon (+34) 672 02 26 87 i\/o via correu electr\u00f2nic: dpo@webimpacto.es.<\/p><p><strong>2. \u00c0mbit d&#8217;aplicaci\u00f3 de la pol\u00edtica<\/strong><br \/>En accedir i utilitzar aquest lloc web o utilitzar qualsevol altre mitj\u00e0 que impliqui el tractament de dades personals, us comprometeu a acceptar aquesta Pol\u00edtica de Privacitat, aix\u00ed com les disposicions contingudes en les Condicions Legals (Av\u00eds Legal) i la Pol\u00edtica de Cookies.<\/p><p>A WIM Group posem a la seva disposici\u00f3 informaci\u00f3 perqu\u00e8, abans d&#8217;emplenar les seves dades personals, pugui accedir a la Pol\u00edtica de Privacitat i a qualsevol altra informaci\u00f3 rellevant en mat\u00e8ria de Protecci\u00f3 de Dades.<\/p><p><strong>3. Principis fonamentals<\/strong><br \/>Mai sol\u00b7licitarem informaci\u00f3 personal a menys que realment sigui necess\u00e0ria per prestar els serveis que es requereixin.<br \/>Mai compartirem la vostra informaci\u00f3 personal amb ning\u00fa, excepte per complir amb la llei o amb el vostre perm\u00eds expr\u00e9s.<br \/>Mai utilitzarem la seva informaci\u00f3 personal per a cap altra finalitat que les indicades en aquesta pol\u00edtica de privacitat.<\/p><p><strong>4. Durant quant de temps conservarem la seva informaci\u00f3 personal<\/strong><br \/>El termini de conservaci\u00f3 de les dades personals variar\u00e0 en funci\u00f3 del servei que pugui contractar. En qualsevol cas, les seves dades seran conservades mentre duri la relaci\u00f3 comercial \/ contractual. Un cop finalitzat aix\u00f2, conservarem les seves dades bloquejades durant els terminis de prescripci\u00f3 de les obligacions que s&#8217;hagin pogut derivar del tractament i\/o dels terminis legals aplicables.<\/p><p><strong>5. Per a qu\u00e8 utilitzarem les teves dades<\/strong><br \/>Wim Group respecta al m\u00e0xim la seva privacitat com a client. Recopilem informaci\u00f3 personal necess\u00e0ria per a la gesti\u00f3 i manteniment d&#8217;alguns dels nostres serveis, aix\u00ed com per a altres finalitats establertes en aquesta Pol\u00edtica de Privacitat.<\/p><p>Grup WIM tracta les seves dades personals amb les seg\u00fcents finalitats:<\/p><p>CONTRACTUAL: (i) Contractar, mantenir i revisar el compliment dels serveis que tingui contractats amb WIM Group i totes les gestions que es derivin de la relaci\u00f3 contractual.<\/p><p>CONSENTIMENT: (i) Qualsevol acci\u00f3 comercial i comercial realitzada per qualsevol mitj\u00e0, inclosos els mitjans telem\u00e0tics(ii) per a la gesti\u00f3 i tramitaci\u00f3 de candidats a llocs de treball.<br \/>INTER\u00c8S LEG\u00cdTIM: (i) Per a la realitzaci\u00f3 d&#8217;accions comercials, (ii) Tamb\u00e9 per a la prevenci\u00f3, investigaci\u00f3 i detecci\u00f3 del frau (iii) per enviar recomanacions de productes i serveis tenint en compte els que hagi contractat en el passat.<\/p><p><strong>6. Quan sol\u00b7licitarem les seves dades<\/strong><br \/>Donar-lo d&#8217;alta com a client del Grup WIM.<br \/>Sol\u00b7licitar qualsevol dels serveis i\/o productes que oferim.<br \/>Gestionar les sol\u00b7licituds de candidats a treballar amb nosaltres o amb empreses col\u00b7laboradores.<br \/>Per atendre qualsevol dubte que ens facis arribar.<\/p><p><strong>7. Les seves dades seran cedides a altres destinataris<\/strong><br \/>La teva tranquil\u00b7litat \u00e9s la nostra prioritat. Per tant, li garantim que les seves dades nom\u00e9s seran cedides a:<\/p><p>Organismes P\u00fablics competents, Ag\u00e8ncia Tribut\u00e0ria, Forces i Cossos de Seguretat de l&#8217;Estat, Jutges i Tribunals, quan Grup WIM tingui l&#8217;obligaci\u00f3 legal de facilitar-los. Empreses col\u00b7laboradores en la realitzaci\u00f3 de pr\u00e0ctiques professionals segons estableix la legislaci\u00f3 vigent en la mat\u00e8ria.<\/p><p>A m\u00e9s, WIM Group compta amb la col\u00b7laboraci\u00f3 d&#8217;alguns tercers prove\u00efdors de serveis que tenen acc\u00e9s a les seves dades personals i que tracten les esmentades dades en nom i per compte de WIM Group com a conseq\u00fc\u00e8ncia de la seva prestaci\u00f3 de serveis. En particular, i a t\u00edtol enunciatiu i no limitatiu, aquests prove\u00efdors de serveis presten serveis en els sectors seg\u00fcents: missatgeria i paqueteria, serveis bancaris, etc.<\/p><p><strong>8. Com pot exercir els seus drets<\/strong><br \/>Com a titular adequat de la vostra informaci\u00f3 personal, teniu control sobre aquestes dades. D&#8217;aquesta manera, tamb\u00e9 ens assegurem que la informaci\u00f3 sigui exacta i vera\u00e7.<\/p><p>Els drets que pot exercir s\u00f3n:<\/p><p>Dret d&#8217;acc\u00e9s: a WIM Group pots comprovar si estem tractant dades personals que et concerneixin.<\/p><p>Dret de rectificaci\u00f3 i supressi\u00f3: podr\u00e0s accedir a la teva informaci\u00f3 personal i sol\u00b7licitar la rectificaci\u00f3 o supressi\u00f3 de les teves dades quan siguin inexactes o ja no siguin necess\u00e0ries per als fins per als quals van ser recollides.<br \/>Dret d&#8217;oposici\u00f3: pots oposar-te al tractament de les teves dades, llevat que, per motius leg\u00edtims imperiosos, o en l&#8217;exercici o la defensa de possibles reclamacions, les mantinguem degudament bloquejades durant els terminis corresponents mentre subsisteixin les obligacions legals.<\/p><p>Dret a la limitaci\u00f3 del tractament: podr\u00e0 sol\u00b7licitar la limitaci\u00f3 del tractament de les seves dades personals mentre s&#8217;impugni l&#8217;exactitud o legalitat de les seves dades, durant l&#8217;exercici o la defensa de possibles reclamacions o litigis.<br \/>Dret de portabilitat: podr\u00e0s sol\u00b7licitar la portabilitat de les dades que ens hagis facilitat a un altre responsable del tractament, en determinades circumst\u00e0ncies.<br \/>Podr\u00e0 exercir els seus drets de forma gratu\u00efta.<\/p><p>Com es pot reclamar davant l&#8217;Autoritat de Control?<\/p><p>Si un usuari considera que hi ha un problema amb la forma en qu\u00e8 Wim Group est\u00e0 tractant les seves dades, pot dirigir les seves reclamacions al responsable de privacitat o a l&#8217;autoritat de control en mat\u00e8ria de protecci\u00f3 de dades corresponent, sent l&#8217;Ag\u00e8ncia Espanyola de Protecci\u00f3 de Dades la indicada en el cas d&#8217;Espanya.<\/p><p><strong>9. Seguretat<\/strong><br \/>Wim Group mant\u00e9 els m\u00e9s alts nivells de seguretat exigits per la llei per protegir la seva informaci\u00f3 personal de p\u00e8rdues accidentals, accessos no autoritzats, processament o divulgaci\u00f3, tenint en compte l&#8217;estat de la tecnologia, la naturalesa de les dades que emmagatzemem i els riscos als quals est\u00e0 exposada. Quan rebem les vostres dades, utilitzem procediments rigorosos i funcions de seguretat per evitar l&#8217;acc\u00e9s no autoritzat.<\/p><p>Les actuacions descrites en aquest apartat i destinades a garantir un nivell de seguretat adequat al risc identificat inclouran, si escau, les seg\u00fcents mesures:<\/p><p>Seudonimitzaci\u00f3 i xifrat de dades personals.<br \/>Mesures capaces d&#8217;assegurar la confidencialitat, integritat, disponibilitat i resili\u00e8ncia continuada dels sistemes i serveis de processament.<\/p><p>Mesures capaces de restablir la disponibilitat i l&#8217;acc\u00e9s a les dades personals r\u00e0pidament en cas d&#8217;incid\u00e8ncia f\u00edsica o t\u00e8cnica.<br \/>Exist\u00e8ncia d&#8217;un proc\u00e9s de verificaci\u00f3, avaluaci\u00f3 i avaluaci\u00f3 peri\u00f2diques de l&#8217;efic\u00e0cia de les mesures t\u00e8cniques i organitzatives per garantir la seguretat del tractament.<\/p><p>Avaluaci\u00f3 peri\u00f2dica del risc de destrucci\u00f3, p\u00e8rdua o alteraci\u00f3 accidental o il\u00b7l\u00edcita de dades personals transmeses, conservades o tractades d&#8217;una altra manera, o tractades de manera no autoritzada.<br \/>Mesures per garantir que qualsevol persona que actu\u00ef sota l&#8217;autoritat del Grup WIM que tingui acc\u00e9s a dades personals pugui processar aquestes dades nom\u00e9s seguint instruccions del Grup WIM.<\/p><p><strong>10. Confidencialitat<\/strong><br \/>Les dades personals que es puguin recollir seran tractades amb absoluta confidencialitat, i ens comprometem a guardar secret respecte de les mateixes i garantim el deure de guardar-les adoptant totes les mesures necess\u00e0ries per evitar la seva alteraci\u00f3, p\u00e8rdua, tractament o acc\u00e9s no autoritzat, d&#8217;acord amb el que estableix la legislaci\u00f3 aplicable.<\/p><p><strong>11. Acceptaci\u00f3 i consentiment<\/strong><br \/>L&#8217;usuari declara haver estat informat de les condicions sobre protecci\u00f3 de dades de car\u00e0cter personal, acceptant i consentint el tractament dels mateixos per part de Grup WIM en la forma i per a les finalitats indicades en la present pol\u00edtica de privacitat.<\/p><p><strong>12. Canvis en la pol\u00edtica de privacitat<\/strong><br \/>Wim Group es reserva el dret a modificar la present pol\u00edtica per adaptar-la a novetats legislatives o jurisprudencials, aix\u00ed com a pr\u00e0ctiques del sector. En aquests casos, WIM Group anunciar\u00e0 en aquesta p\u00e0gina els canvis introdu\u00efts raonablement abans de la seva implementaci\u00f3.<\/p><p>13. Enviaments comercials<br \/>D&#8217;acord amb la LSSICE, WIM Group no realitza pr\u00e0ctiques de SPAM i, per tant, no envia correus comercials per via electr\u00f2nica que no hagin estat pr\u00e8viament sol\u00b7licitats o autoritzats per l&#8217;usuari. En conseq\u00fc\u00e8ncia, en cadascun dels formularis del lloc web, l&#8217;usuari t\u00e9 la possibilitat de donar el seu consentiment expr\u00e9s per rebre el butllet\u00ed, amb independ\u00e8ncia de la informaci\u00f3 comercial espec\u00edficament sol\u00b7licitada. D&#8217;acord amb el que estableix la Llei 34\/2002 de Serveis de la Societat de la Informaci\u00f3 i de Comer\u00e7 Electr\u00f2nic, WIM Group es compromet a no remetre comunicacions de car\u00e0cter comercial sense identificar-les degudament.<\/p><p>14. Responsabilitat<br \/>L&#8217;usuari ser\u00e0 l&#8217;\u00fanic responsable de l&#8217;emplenament dels formularis amb dades falses, inexactes, incompletes o no actualitzades.<\/p><p>15. Galetes (cookies)<br \/>El nostre lloc web utilitza &#8220;cookies&#8221; per recopilar informaci\u00f3 sobre com utilitzeu el lloc web. Per obtenir informaci\u00f3 m\u00e9s detallada sobre l&#8217;\u00fas que fa el Grup WIM de les cookies, consulteu la Pol\u00edtica de cookies.<\/p>\t\t\t\t\t\t<\/div>\n\t\t\t\t<\/div>\n\t\t\t\t\t<\/div>\n\t\t<\/div>\n\t\t\t\t\t\t\t<\/div>\n\t\t<\/section>\n\t\t\t\t\t\t\t<\/div>\n\t\t","protected":false},"excerpt":{"rendered":"<p>Pol\u00edtica de privacitat Qui \u00e9s el responsable del tractament de les vostres dades? 1. Dades de contacte del responsable del tractament: Nom i cognoms: Grup WIMDomicili social: C\/ Plasencia 1-17, Nave 7, 28935, M\u00f3stoles, (Madrid, Espanya)N\u00daMERO D&#8217;IVA: B45814670Dades de contacte del responsable de protecci\u00f3 de dades (Comit\u00e8 de Seguretat): Pot contactar en el seg\u00fcent n\u00famero [&hellip;]<\/p>\n","protected":false},"author":1,"featured_media":0,"parent":0,"menu_order":0,"comment_status":"closed","ping_status":"closed","template":"","meta":{"footnotes":""},"yoast_head":"<!-- This site is optimized with the Yoast SEO plugin v23.5 - https:\/\/yoast.com\/wordpress\/plugins\/seo\/ -->\n<title>Pol\u00edtica de privacitat - WIM Group<\/title>\n<meta name=\"robots\" content=\"index, follow, max-snippet:-1, max-image-preview:large, max-video-preview:-1\" \/>\n<link rel=\"canonical\" href=\"https:\/\/wimgroup.consulting\/ca\/politica-privacitat\/\" \/>\n<meta property=\"og:locale\" content=\"ca_ES\" \/>\n<meta property=\"og:type\" content=\"article\" \/>\n<meta property=\"og:title\" content=\"Pol\u00edtica de privacitat - WIM Group\" \/>\n<meta property=\"og:description\" content=\"Pol\u00edtica de privacitat Qui \u00e9s el responsable del tractament de les vostres dades? 1. Dades de contacte del responsable del tractament: Nom i cognoms: Grup WIMDomicili social: C\/ Plasencia 1-17, Nave 7, 28935, M\u00f3stoles, (Madrid, Espanya)N\u00daMERO D&#8217;IVA: B45814670Dades de contacte del responsable de protecci\u00f3 de dades (Comit\u00e8 de Seguretat): Pot contactar en el seg\u00fcent n\u00famero [&hellip;]\" \/>\n<meta property=\"og:url\" content=\"https:\/\/wimgroup.consulting\/ca\/politica-privacitat\/\" \/>\n<meta property=\"og:site_name\" content=\"WIM Group\" \/>\n<meta property=\"article:modified_time\" content=\"2024-01-23T15:11:54+00:00\" \/>\n<meta name=\"twitter:card\" content=\"summary_large_image\" \/>\n<meta name=\"twitter:label1\" content=\"Temps estimat de lectura\" \/>\n\t<meta name=\"twitter:data1\" content=\"8 minuts\" \/>\n<script type=\"application\/ld+json\" class=\"yoast-schema-graph\">{\"@context\":\"https:\/\/schema.org\",\"@graph\":[{\"@type\":\"WebPage\",\"@id\":\"https:\/\/wimgroup.consulting\/ca\/politica-privacitat\/\",\"url\":\"https:\/\/wimgroup.consulting\/ca\/politica-privacitat\/\",\"name\":\"Pol\u00edtica de privacitat - WIM Group\",\"isPartOf\":{\"@id\":\"https:\/\/wimgroup.consulting\/ca\/#website\"},\"datePublished\":\"2022-12-21T08:53:36+00:00\",\"dateModified\":\"2024-01-23T15:11:54+00:00\",\"breadcrumb\":{\"@id\":\"https:\/\/wimgroup.consulting\/ca\/politica-privacitat\/#breadcrumb\"},\"inLanguage\":\"ca\",\"potentialAction\":[{\"@type\":\"ReadAction\",\"target\":[\"https:\/\/wimgroup.consulting\/ca\/politica-privacitat\/\"]}]},{\"@type\":\"BreadcrumbList\",\"@id\":\"https:\/\/wimgroup.consulting\/ca\/politica-privacitat\/#breadcrumb\",\"itemListElement\":[{\"@type\":\"ListItem\",\"position\":1,\"name\":\"Inicio\",\"item\":\"https:\/\/wimgroup.consulting\/ca\/\"},{\"@type\":\"ListItem\",\"position\":2,\"name\":\"Pol\u00edtica de privacitat\"}]},{\"@type\":\"WebSite\",\"@id\":\"https:\/\/wimgroup.consulting\/ca\/#website\",\"url\":\"https:\/\/wimgroup.consulting\/ca\/\",\"name\":\"WIM Group\",\"description\":\"Sitio corporativo del WIM Group\",\"publisher\":{\"@id\":\"https:\/\/wimgroup.consulting\/ca\/#organization\"},\"potentialAction\":[{\"@type\":\"SearchAction\",\"target\":{\"@type\":\"EntryPoint\",\"urlTemplate\":\"https:\/\/wimgroup.consulting\/ca\/?s={search_term_string}\"},\"query-input\":{\"@type\":\"PropertyValueSpecification\",\"valueRequired\":true,\"valueName\":\"search_term_string\"}}],\"inLanguage\":\"ca\"},{\"@type\":\"Organization\",\"@id\":\"https:\/\/wimgroup.consulting\/ca\/#organization\",\"name\":\"WIM Group\",\"url\":\"https:\/\/wimgroup.consulting\/ca\/\",\"logo\":{\"@type\":\"ImageObject\",\"inLanguage\":\"ca\",\"@id\":\"https:\/\/wimgroup.consulting\/ca\/#\/schema\/logo\/image\/\",\"url\":\"https:\/\/wimgroup.consulting\/wp-content\/uploads\/2022\/12\/horizontal-positivo-1.png\",\"contentUrl\":\"https:\/\/wimgroup.consulting\/wp-content\/uploads\/2022\/12\/horizontal-positivo-1.png\",\"width\":826,\"height\":151,\"caption\":\"WIM Group\"},\"image\":{\"@id\":\"https:\/\/wimgroup.consulting\/ca\/#\/schema\/logo\/image\/\"}}]}<\/script>\n<!-- \/ Yoast SEO plugin. -->","yoast_head_json":{"title":"Pol\u00edtica de privacitat - WIM Group","robots":{"index":"index","follow":"follow","max-snippet":"max-snippet:-1","max-image-preview":"max-image-preview:large","max-video-preview":"max-video-preview:-1"},"canonical":"https:\/\/wimgroup.consulting\/ca\/politica-privacitat\/","og_locale":"ca_ES","og_type":"article","og_title":"Pol\u00edtica de privacitat - WIM Group","og_description":"Pol\u00edtica de privacitat Qui \u00e9s el responsable del tractament de les vostres dades? 1. Dades de contacte del responsable del tractament: Nom i cognoms: Grup WIMDomicili social: C\/ Plasencia 1-17, Nave 7, 28935, M\u00f3stoles, (Madrid, Espanya)N\u00daMERO D&#8217;IVA: B45814670Dades de contacte del responsable de protecci\u00f3 de dades (Comit\u00e8 de Seguretat): Pot contactar en el seg\u00fcent n\u00famero [&hellip;]","og_url":"https:\/\/wimgroup.consulting\/ca\/politica-privacitat\/","og_site_name":"WIM Group","article_modified_time":"2024-01-23T15:11:54+00:00","twitter_card":"summary_large_image","twitter_misc":{"Temps estimat de lectura":"8 minuts"},"schema":{"@context":"https:\/\/schema.org","@graph":[{"@type":"WebPage","@id":"https:\/\/wimgroup.consulting\/ca\/politica-privacitat\/","url":"https:\/\/wimgroup.consulting\/ca\/politica-privacitat\/","name":"Pol\u00edtica de privacitat - WIM Group","isPartOf":{"@id":"https:\/\/wimgroup.consulting\/ca\/#website"},"datePublished":"2022-12-21T08:53:36+00:00","dateModified":"2024-01-23T15:11:54+00:00","breadcrumb":{"@id":"https:\/\/wimgroup.consulting\/ca\/politica-privacitat\/#breadcrumb"},"inLanguage":"ca","potentialAction":[{"@type":"ReadAction","target":["https:\/\/wimgroup.consulting\/ca\/politica-privacitat\/"]}]},{"@type":"BreadcrumbList","@id":"https:\/\/wimgroup.consulting\/ca\/politica-privacitat\/#breadcrumb","itemListElement":[{"@type":"ListItem","position":1,"name":"Inicio","item":"https:\/\/wimgroup.consulting\/ca\/"},{"@type":"ListItem","position":2,"name":"Pol\u00edtica de privacitat"}]},{"@type":"WebSite","@id":"https:\/\/wimgroup.consulting\/ca\/#website","url":"https:\/\/wimgroup.consulting\/ca\/","name":"WIM Group","description":"Sitio corporativo del WIM Group","publisher":{"@id":"https:\/\/wimgroup.consulting\/ca\/#organization"},"potentialAction":[{"@type":"SearchAction","target":{"@type":"EntryPoint","urlTemplate":"https:\/\/wimgroup.consulting\/ca\/?s={search_term_string}"},"query-input":{"@type":"PropertyValueSpecification","valueRequired":true,"valueName":"search_term_string"}}],"inLanguage":"ca"},{"@type":"Organization","@id":"https:\/\/wimgroup.consulting\/ca\/#organization","name":"WIM Group","url":"https:\/\/wimgroup.consulting\/ca\/","logo":{"@type":"ImageObject","inLanguage":"ca","@id":"https:\/\/wimgroup.consulting\/ca\/#\/schema\/logo\/image\/","url":"https:\/\/wimgroup.consulting\/wp-content\/uploads\/2022\/12\/horizontal-positivo-1.png","contentUrl":"https:\/\/wimgroup.consulting\/wp-content\/uploads\/2022\/12\/horizontal-positivo-1.png","width":826,"height":151,"caption":"WIM Group"},"image":{"@id":"https:\/\/wimgroup.consulting\/ca\/#\/schema\/logo\/image\/"}}]}},"_links":{"self":[{"href":"https:\/\/wimgroup.consulting\/ca\/wp-json\/wp\/v2\/pages\/12654"}],"collection":[{"href":"https:\/\/wimgroup.consulting\/ca\/wp-json\/wp\/v2\/pages"}],"about":[{"href":"https:\/\/wimgroup.consulting\/ca\/wp-json\/wp\/v2\/types\/page"}],"author":[{"embeddable":true,"href":"https:\/\/wimgroup.consulting\/ca\/wp-json\/wp\/v2\/users\/1"}],"replies":[{"embeddable":true,"href":"https:\/\/wimgroup.consulting\/ca\/wp-json\/wp\/v2\/comments?post=12654"}],"version-history":[{"count":29,"href":"https:\/\/wimgroup.consulting\/ca\/wp-json\/wp\/v2\/pages\/12654\/revisions"}],"predecessor-version":[{"id":16570,"href":"https:\/\/wimgroup.consulting\/ca\/wp-json\/wp\/v2\/pages\/12654\/revisions\/16570"}],"wp:attachment":[{"href":"https:\/\/wimgroup.consulting\/ca\/wp-json\/wp\/v2\/media?parent=12654"}],"curies":[{"name":"wp","href":"https:\/\/api.w.org\/{rel}","templated":true}]}}