{"id":12906,"date":"2023-02-01T08:54:12","date_gmt":"2023-02-01T08:54:12","guid":{"rendered":"https:\/\/wimgroup.consulting\/?page_id=12906"},"modified":"2024-01-23T16:42:19","modified_gmt":"2024-01-23T16:42:19","slug":"politica-de-cookies","status":"publish","type":"page","link":"https:\/\/wimgroup.consulting\/ca\/politica-de-cookies\/","title":{"rendered":"Pol\u00edtica de cookies"},"content":{"rendered":"\t\t<div data-elementor-type=\"wp-page\" data-elementor-id=\"12906\" class=\"elementor elementor-12906 elementor-12901\">\n\t\t\t\t\t\t\t\t\t<section class=\"elementor-section elementor-top-section elementor-element elementor-element-a6082a5 elementor-section-boxed elementor-section-height-default elementor-section-height-default qodef-elementor-content-no\" data-id=\"a6082a5\" data-element_type=\"section\">\n\t\t\t\t\t\t<div class=\"elementor-container elementor-column-gap-default\">\n\t\t\t\t\t<div class=\"elementor-column elementor-col-100 elementor-top-column elementor-element elementor-element-b268c76 qodef-gradient-background-column--no\" data-id=\"b268c76\" data-element_type=\"column\">\n\t\t\t<div class=\"elementor-widget-wrap\">\n\t\t\t\t\t\t\t\t\t<\/div>\n\t\t<\/div>\n\t\t\t\t\t\t\t<\/div>\n\t\t<\/section>\n\t\t\t\t<section class=\"elementor-section elementor-top-section elementor-element elementor-element-54d7175 elementor-section-boxed elementor-section-height-default elementor-section-height-default qodef-elementor-content-no\" data-id=\"54d7175\" data-element_type=\"section\">\n\t\t\t\t\t\t<div class=\"elementor-container elementor-column-gap-default\">\n\t\t\t\t\t<div class=\"elementor-column elementor-col-100 elementor-top-column elementor-element elementor-element-1769739 qodef-gradient-background-column--no\" data-id=\"1769739\" data-element_type=\"column\">\n\t\t\t<div class=\"elementor-widget-wrap elementor-element-populated\">\n\t\t\t\t\t\t\t\t<div class=\"elementor-element elementor-element-1ac990d elementor-widget elementor-widget-text-editor\" data-id=\"1ac990d\" data-element_type=\"widget\" data-widget_type=\"text-editor.default\">\n\t\t\t\t<div class=\"elementor-widget-container\">\n\t\t\t<style>\/*! elementor - v3.18.0 - 20-12-2023 *\/\n.elementor-widget-text-editor.elementor-drop-cap-view-stacked .elementor-drop-cap{background-color:#69727d;color:#fff}.elementor-widget-text-editor.elementor-drop-cap-view-framed .elementor-drop-cap{color:#69727d;border:3px solid;background-color:transparent}.elementor-widget-text-editor:not(.elementor-drop-cap-view-default) .elementor-drop-cap{margin-top:8px}.elementor-widget-text-editor:not(.elementor-drop-cap-view-default) .elementor-drop-cap-letter{width:1em;height:1em}.elementor-widget-text-editor .elementor-drop-cap{float:left;text-align:center;line-height:1;font-size:50px}.elementor-widget-text-editor .elementor-drop-cap-letter{display:inline-block}<\/style>\t\t\t\t<h3>Pol\u00edtica de cookies<\/h3><p><strong>QU\u00c8 S\u00d3N LES COOKIES?<\/strong><\/p><p>S\u00f3n fitxers enviats al navegador, mitjan\u00e7ant un servidor web, amb la finalitat de registrar les activitats dels usuaris durant el seu temps de navegaci\u00f3 i interacci\u00f3 amb la nostra p\u00e0gina web.<\/p><p>\u200d<strong>TIPUS DE COOKIES<\/strong><br \/><strong>Segons l&#8217;ENTITAT QUE LES GESTIONI:<\/strong><\/p><p>Pr\u00f2pies (aquelles que s&#8217;envien des d&#8217;un equip o domini gestionat pel Responsable del Tractament i des del qual es presta el servei sol\u00b7licitat per l&#8217;usuari).<br \/>De tercers (aquelles que s&#8217;envien des d&#8217;un equip o domini que no \u00e9s gestionat pel Responsable del Tractament, sin\u00f3 per una altra entitat que tracta les dades obtingudes a trav\u00e9s de les cookies).<br \/>Segons la FINALITAT:<\/p><p>T\u00e8cniques (aquelles que permeten a l&#8217;usuari la navegaci\u00f3 a trav\u00e9s d&#8217;una p\u00e0gina web, plataforma o aplicaci\u00f3 i la utilitzaci\u00f3 de les diferents opcions o serveis que en ella existeixin).<br \/>De personalitzaci\u00f3 (aquelles que permeten recordar informaci\u00f3 perqu\u00e8 l&#8217;usuari accedeixi al servei amb determinades caracter\u00edstiques que poden diferenciar la seva experi\u00e8ncia de la d&#8217;altres usuaris).<br \/>Anal\u00edtiques (aquelles que permeten al responsable de les cookies el seguiment i an\u00e0lisi del comportament dels usuaris dels llocs web als quals estan vinculades).<br \/>De publicitat comportamental (aquelles que emmagatzemen informaci\u00f3 del comportament dels usuaris, obtinguda de l&#8217;observaci\u00f3 continuada dels seus h\u00e0bits de navegaci\u00f3, permetent desenvolupar un perfil espec\u00edfic per a mostrar publicitat en funci\u00f3 del mateix).<br \/>De Xarxes Socials (aquelles que faciliten a l&#8217;usuari compartir continguts en xarxes socials del seu inter\u00e8s).<br \/>Segons la DURADA:<\/p><p>Persistents (aquelles en les quals les dades segueixen emmagatzemats en el terminal i poden ser accedits durant un per\u00edode definit pel responsable de la cookie).<br \/>Sessi\u00f3 (aquelles dissenyades per a recaptar i emmagatzemar dades mentre l&#8217;usuari accedeix a la web i durant la prestaci\u00f3 del servei sol\u00b7licitat, desapareixent en acabar la sessi\u00f3).<\/p><p><strong>QUINES COOKIES UTILITZEM?<\/strong><br \/>PR\u00d2PIES (Funcional) (=wp-*settings-). De WordPress. Per a emmagatzemar les prefer\u00e8ncies de l&#8217;usuari. Durada: Persistent.<\/p><p>PR\u00d2PIES (Funcional) (=wp-*settings-estafi-). De WordPress. Per a emmagatzemar les prefer\u00e8ncies de l&#8217;usuari. Durada: 1 any.<\/p><p>PR\u00d2PIES (Funcional) (=gdpr[*allowed_cookies]). De WordPress. Per a saber que cookies ha acceptat l&#8217;usuari. Durada: 1 dia.<\/p><p>PR\u00d2PIES (Funcional) (=gdpr[*consent_*types]). De WordPress. Per a saber els consentiments acceptats per l&#8217;usuari. Durada: 1 dia.<\/p><p>DE TERCERS (Funcional) (=_gat De Google Analytics). Per a llegir i filtrar les peticions de bots. Durada: 1 minut.<\/p><p>DE TERCERS (Funcional) (=__hssc De HubSpot). Per a emmagatzemar estad\u00edstiques an\u00f2nimes. Durada: 30 minuts.<\/p><p>DE TERCERS (Funcional) (=__hssrc De HubSpot). Determina si l&#8217;usuari ha tornat a carregar el navegador des de HubSpot. Durada: sessi\u00f3.<\/p><p>DE TERCERS (Funcional) (=pll_*language). De Polylang. Per a emmagatzemar les opcions del llenguatge. Durada: Persistent.<\/p><p>DE TERCERS (Funcional) (=__cf_*bm). De CloudFlare. Aquesta cookie, establerta per Cloudflare, s&#8217;utilitza per a admetre la gesti\u00f3 de bots de Cloudflare. Durada: 30 minuts.<\/p><p>DE TERCERS (Funcional) (=_GRECAPTCHA). De Google Per a protegir-se del spam. Durada: sessi\u00f3.<\/p><p>DE TERCERS (Estad\u00edstica) (=_ga De Google Analytics). Per a emmagatzemar i comptar les p\u00e0gines visitades. Durada: 1 any .<\/p><p>DE TERCERS (Estad\u00edstica) (=_gid De Google Analytics). Per a emmagatzemar i comptar les p\u00e0gines visitades. Durada: 1 dia<\/p><p>DE TERCERS (M\u00e0rqueting\/Tracking) (=__hstc De HubSpot). Per a emmagatzemar el temps de la visita. Durada: 13 mesos.<\/p><p>DE TERCERS (M\u00e0rqueting\/Tracking) (=_gcl_*au De Google Adsense). Per a emmagatzemar i trackear les conversions. Durada: Persistent.<\/p><p>DE TERCERS (M\u00e0rqueting\/Tracking) (=hubspotutk De HubSpot). Per a emmagatzemar i trackear la identitat dels usuaris. Durada: 13 mesos.<\/p><p><strong>COM PUC GESTIONAR LES COOKIES?<\/strong><br \/>En accedir al Lloc web, es mostra un av\u00eds de cookies en el qual s&#8217;informa de la manera en qu\u00e8 pot prestar o rebutjar el seu consentiment a instal\u00b7lar les cookies. L&#8217;usuari en qualsevol moment podr\u00e0 rebutjar o configurar l&#8217;\u00fas de cookies a trav\u00e9s de la pantalla de configuraci\u00f3. Aix\u00ed mateix, l&#8217;usuari t\u00e9 la possibilitat de configurar el seu navegador per a deshabilitar o eliminar, en qualsevol moment, les cookies. A trav\u00e9s dels seg\u00fcents enlla\u00e7os s&#8217;ofereix informaci\u00f3 sobre la configuraci\u00f3 dels diferents navegadors d&#8217;Internet quant a la configuraci\u00f3 de les cookies.<\/p><p><a href=\"https:\/\/support.google.com\/chrome\/answer\/95647?hl=ca\">Configuraci\u00f3 de cookies per a Google Chrome<\/a><br \/><a href=\"https:\/\/support.mozilla.org\/es\/kb\/cookies-informacion-que-los-sitios-web-guardan-en-?redirectlocale=en-US&amp;redirectslug=Cookies\">Configuraci\u00f3 de cookies per a Mozilla Firefox<\/a><br \/><a href=\"https:\/\/support.apple.com\/es-es\/HT201265\">Configuraci\u00f3 de cookies per a Safari<\/a><br \/><a href=\"https:\/\/support.microsoft.com\/es-es\/microsoft-edge\/eliminar-las-cookies-en-microsoft-edge-63947406-40ac-c3b8-57b9-2a946a29ae09#:~:text=%20Eliminar%20las%20cookies%20en%20Microsoft%20Edge%20,Cookies%20y%20otros%20datos%20del%20sitio.%20More%20\">Configuraci\u00f3 de cookies en Microsoft Edge<\/a><\/p><p><strong>ACTUALITZACI\u00d3<\/strong><br \/>Aquesta Pol\u00edtica de Cookies podr\u00e0 ser actualitzada en funci\u00f3 d&#8217;exig\u00e8ncies legislatives, reglament\u00e0ries, o amb la finalitat d&#8217;adaptar aquesta pol\u00edtica a les instruccions dictades per l&#8217;Autoritat de Protecci\u00f3 de Dades. S&#8217;aconsella als usuaris que la visitin peri\u00f2dicament.<\/p><p><strong>M\u00c9S INFORMACI\u00d3<\/strong><br \/>Si desitja obtenir m\u00e9s informaci\u00f3, si us plau accedeixi a la nostra Pol\u00edtica de Privacitat o posi&#8217;s en contacte amb nosaltres a trav\u00e9s de les dades que figuren a l&#8217;inici.<\/p>\t\t\t\t\t\t<\/div>\n\t\t\t\t<\/div>\n\t\t\t\t\t<\/div>\n\t\t<\/div>\n\t\t\t\t\t\t\t<\/div>\n\t\t<\/section>\n\t\t\t\t\t\t\t<\/div>\n\t\t","protected":false},"excerpt":{"rendered":"<p>Pol\u00edtica de cookies QU\u00c8 S\u00d3N LES COOKIES? S\u00f3n fitxers enviats al navegador, mitjan\u00e7ant un servidor web, amb la finalitat de registrar les activitats dels usuaris durant el seu temps de navegaci\u00f3 i interacci\u00f3 amb la nostra p\u00e0gina web. \u200dTIPUS DE COOKIESSegons l&#8217;ENTITAT QUE LES GESTIONI: Pr\u00f2pies (aquelles que s&#8217;envien des d&#8217;un equip o domini gestionat [&hellip;]<\/p>\n","protected":false},"author":1,"featured_media":0,"parent":0,"menu_order":0,"comment_status":"closed","ping_status":"closed","template":"","meta":{"footnotes":""},"yoast_head":"<!-- This site is optimized with the Yoast SEO plugin v23.5 - https:\/\/yoast.com\/wordpress\/plugins\/seo\/ -->\n<title>Pol\u00edtica de cookies - WIM Group<\/title>\n<meta name=\"robots\" content=\"index, follow, max-snippet:-1, max-image-preview:large, max-video-preview:-1\" \/>\n<link rel=\"canonical\" href=\"https:\/\/wimgroup.consulting\/ca\/politica-de-cookies\/\" \/>\n<meta property=\"og:locale\" content=\"ca_ES\" \/>\n<meta property=\"og:type\" content=\"article\" \/>\n<meta property=\"og:title\" content=\"Pol\u00edtica de cookies - WIM Group\" \/>\n<meta property=\"og:description\" content=\"Pol\u00edtica de cookies QU\u00c8 S\u00d3N LES COOKIES? S\u00f3n fitxers enviats al navegador, mitjan\u00e7ant un servidor web, amb la finalitat de registrar les activitats dels usuaris durant el seu temps de navegaci\u00f3 i interacci\u00f3 amb la nostra p\u00e0gina web. \u200dTIPUS DE COOKIESSegons l&#8217;ENTITAT QUE LES GESTIONI: Pr\u00f2pies (aquelles que s&#8217;envien des d&#8217;un equip o domini gestionat [&hellip;]\" \/>\n<meta property=\"og:url\" content=\"https:\/\/wimgroup.consulting\/ca\/politica-de-cookies\/\" \/>\n<meta property=\"og:site_name\" content=\"WIM Group\" \/>\n<meta property=\"article:modified_time\" content=\"2024-01-23T16:42:19+00:00\" \/>\n<meta name=\"twitter:card\" content=\"summary_large_image\" \/>\n<meta name=\"twitter:label1\" content=\"Temps estimat de lectura\" \/>\n\t<meta name=\"twitter:data1\" content=\"5 minuts\" \/>\n<script type=\"application\/ld+json\" class=\"yoast-schema-graph\">{\"@context\":\"https:\/\/schema.org\",\"@graph\":[{\"@type\":\"WebPage\",\"@id\":\"https:\/\/wimgroup.consulting\/ca\/politica-de-cookies\/\",\"url\":\"https:\/\/wimgroup.consulting\/ca\/politica-de-cookies\/\",\"name\":\"Pol\u00edtica de cookies - WIM Group\",\"isPartOf\":{\"@id\":\"https:\/\/wimgroup.consulting\/ca\/#website\"},\"datePublished\":\"2023-02-01T08:54:12+00:00\",\"dateModified\":\"2024-01-23T16:42:19+00:00\",\"breadcrumb\":{\"@id\":\"https:\/\/wimgroup.consulting\/ca\/politica-de-cookies\/#breadcrumb\"},\"inLanguage\":\"ca\",\"potentialAction\":[{\"@type\":\"ReadAction\",\"target\":[\"https:\/\/wimgroup.consulting\/ca\/politica-de-cookies\/\"]}]},{\"@type\":\"BreadcrumbList\",\"@id\":\"https:\/\/wimgroup.consulting\/ca\/politica-de-cookies\/#breadcrumb\",\"itemListElement\":[{\"@type\":\"ListItem\",\"position\":1,\"name\":\"Inicio\",\"item\":\"https:\/\/wimgroup.consulting\/ca\/\"},{\"@type\":\"ListItem\",\"position\":2,\"name\":\"Pol\u00edtica de cookies\"}]},{\"@type\":\"WebSite\",\"@id\":\"https:\/\/wimgroup.consulting\/ca\/#website\",\"url\":\"https:\/\/wimgroup.consulting\/ca\/\",\"name\":\"WIM Group\",\"description\":\"Sitio corporativo del WIM Group\",\"publisher\":{\"@id\":\"https:\/\/wimgroup.consulting\/ca\/#organization\"},\"potentialAction\":[{\"@type\":\"SearchAction\",\"target\":{\"@type\":\"EntryPoint\",\"urlTemplate\":\"https:\/\/wimgroup.consulting\/ca\/?s={search_term_string}\"},\"query-input\":{\"@type\":\"PropertyValueSpecification\",\"valueRequired\":true,\"valueName\":\"search_term_string\"}}],\"inLanguage\":\"ca\"},{\"@type\":\"Organization\",\"@id\":\"https:\/\/wimgroup.consulting\/ca\/#organization\",\"name\":\"WIM Group\",\"url\":\"https:\/\/wimgroup.consulting\/ca\/\",\"logo\":{\"@type\":\"ImageObject\",\"inLanguage\":\"ca\",\"@id\":\"https:\/\/wimgroup.consulting\/ca\/#\/schema\/logo\/image\/\",\"url\":\"https:\/\/wimgroup.consulting\/wp-content\/uploads\/2022\/12\/horizontal-positivo-1.png\",\"contentUrl\":\"https:\/\/wimgroup.consulting\/wp-content\/uploads\/2022\/12\/horizontal-positivo-1.png\",\"width\":826,\"height\":151,\"caption\":\"WIM Group\"},\"image\":{\"@id\":\"https:\/\/wimgroup.consulting\/ca\/#\/schema\/logo\/image\/\"}}]}<\/script>\n<!-- \/ Yoast SEO plugin. -->","yoast_head_json":{"title":"Pol\u00edtica de cookies - WIM Group","robots":{"index":"index","follow":"follow","max-snippet":"max-snippet:-1","max-image-preview":"max-image-preview:large","max-video-preview":"max-video-preview:-1"},"canonical":"https:\/\/wimgroup.consulting\/ca\/politica-de-cookies\/","og_locale":"ca_ES","og_type":"article","og_title":"Pol\u00edtica de cookies - WIM Group","og_description":"Pol\u00edtica de cookies QU\u00c8 S\u00d3N LES COOKIES? S\u00f3n fitxers enviats al navegador, mitjan\u00e7ant un servidor web, amb la finalitat de registrar les activitats dels usuaris durant el seu temps de navegaci\u00f3 i interacci\u00f3 amb la nostra p\u00e0gina web. \u200dTIPUS DE COOKIESSegons l&#8217;ENTITAT QUE LES GESTIONI: Pr\u00f2pies (aquelles que s&#8217;envien des d&#8217;un equip o domini gestionat [&hellip;]","og_url":"https:\/\/wimgroup.consulting\/ca\/politica-de-cookies\/","og_site_name":"WIM Group","article_modified_time":"2024-01-23T16:42:19+00:00","twitter_card":"summary_large_image","twitter_misc":{"Temps estimat de lectura":"5 minuts"},"schema":{"@context":"https:\/\/schema.org","@graph":[{"@type":"WebPage","@id":"https:\/\/wimgroup.consulting\/ca\/politica-de-cookies\/","url":"https:\/\/wimgroup.consulting\/ca\/politica-de-cookies\/","name":"Pol\u00edtica de cookies - WIM Group","isPartOf":{"@id":"https:\/\/wimgroup.consulting\/ca\/#website"},"datePublished":"2023-02-01T08:54:12+00:00","dateModified":"2024-01-23T16:42:19+00:00","breadcrumb":{"@id":"https:\/\/wimgroup.consulting\/ca\/politica-de-cookies\/#breadcrumb"},"inLanguage":"ca","potentialAction":[{"@type":"ReadAction","target":["https:\/\/wimgroup.consulting\/ca\/politica-de-cookies\/"]}]},{"@type":"BreadcrumbList","@id":"https:\/\/wimgroup.consulting\/ca\/politica-de-cookies\/#breadcrumb","itemListElement":[{"@type":"ListItem","position":1,"name":"Inicio","item":"https:\/\/wimgroup.consulting\/ca\/"},{"@type":"ListItem","position":2,"name":"Pol\u00edtica de cookies"}]},{"@type":"WebSite","@id":"https:\/\/wimgroup.consulting\/ca\/#website","url":"https:\/\/wimgroup.consulting\/ca\/","name":"WIM Group","description":"Sitio corporativo del WIM Group","publisher":{"@id":"https:\/\/wimgroup.consulting\/ca\/#organization"},"potentialAction":[{"@type":"SearchAction","target":{"@type":"EntryPoint","urlTemplate":"https:\/\/wimgroup.consulting\/ca\/?s={search_term_string}"},"query-input":{"@type":"PropertyValueSpecification","valueRequired":true,"valueName":"search_term_string"}}],"inLanguage":"ca"},{"@type":"Organization","@id":"https:\/\/wimgroup.consulting\/ca\/#organization","name":"WIM Group","url":"https:\/\/wimgroup.consulting\/ca\/","logo":{"@type":"ImageObject","inLanguage":"ca","@id":"https:\/\/wimgroup.consulting\/ca\/#\/schema\/logo\/image\/","url":"https:\/\/wimgroup.consulting\/wp-content\/uploads\/2022\/12\/horizontal-positivo-1.png","contentUrl":"https:\/\/wimgroup.consulting\/wp-content\/uploads\/2022\/12\/horizontal-positivo-1.png","width":826,"height":151,"caption":"WIM Group"},"image":{"@id":"https:\/\/wimgroup.consulting\/ca\/#\/schema\/logo\/image\/"}}]}},"_links":{"self":[{"href":"https:\/\/wimgroup.consulting\/ca\/wp-json\/wp\/v2\/pages\/12906"}],"collection":[{"href":"https:\/\/wimgroup.consulting\/ca\/wp-json\/wp\/v2\/pages"}],"about":[{"href":"https:\/\/wimgroup.consulting\/ca\/wp-json\/wp\/v2\/types\/page"}],"author":[{"embeddable":true,"href":"https:\/\/wimgroup.consulting\/ca\/wp-json\/wp\/v2\/users\/1"}],"replies":[{"embeddable":true,"href":"https:\/\/wimgroup.consulting\/ca\/wp-json\/wp\/v2\/comments?post=12906"}],"version-history":[{"count":7,"href":"https:\/\/wimgroup.consulting\/ca\/wp-json\/wp\/v2\/pages\/12906\/revisions"}],"predecessor-version":[{"id":16640,"href":"https:\/\/wimgroup.consulting\/ca\/wp-json\/wp\/v2\/pages\/12906\/revisions\/16640"}],"wp:attachment":[{"href":"https:\/\/wimgroup.consulting\/ca\/wp-json\/wp\/v2\/media?parent=12906"}],"curies":[{"name":"wp","href":"https:\/\/api.w.org\/{rel}","templated":true}]}}